{"id":6767,"date":"2025-04-13T12:21:36","date_gmt":"2025-04-13T10:21:36","guid":{"rendered":"https:\/\/homutuvstatek.cz\/chcesz-zadac-pytanie\/"},"modified":"2025-12-19T12:26:06","modified_gmt":"2025-12-19T11:26:06","slug":"chcesz-zadac-pytanie","status":"publish","type":"page","link":"https:\/\/homutuvstatek.cz\/pl\/chcesz-zadac-pytanie\/","title":{"rendered":"Chcesz zada\u0107 pytanie"},"content":{"rendered":"<div id=\"pl-6767\"  class=\"panel-layout\" ><div id=\"pg-6767-0\"  class=\"panel-grid panel-has-style\" ><div class=\"siteorigin-panels-stretch panel-row-style-default panel-row-width-default panel-row-padding-normal panel-row-style panel-row-style-for-6767-0\" data-stretch-type=\"full\" ><div id=\"pgc-6767-0-0\"  class=\"panel-grid-cell\" ><div id=\"panel-6767-0-0-0\" class=\"so-panel widget_sow-image panel-first-child\" data-index=\"0\" ><div\n\t\t\t\n\t\t\tclass=\"so-widget-sow-image so-widget-sow-image-default-8b5b6f678277-6767\"\n\t\t\t\n\t\t>\n\n\n<div class=\"sow-image-container\">\n\t<img loading=\"lazy\" decoding=\"async\" src=\"https:\/\/homutuvstatek.cz\/wp-content\/uploads\/2025\/04\/homutuv-statek_penzion_7065.jpg\" width=\"1920\" height=\"1280\" sizes=\"auto, (max-width: 1920px) 100vw, 1920px\" \t\tclass=\"so-widget-image _shadow rightbottom light\"\/>\n<\/div>\n\n<\/div><\/div><div id=\"panel-6767-0-0-1\" class=\"so-panel widget_sow-image panel-last-child\" data-index=\"1\" ><div class=\"panel-widget-style panel-widget-style-for-6767-0-0-1\" ><div\n\t\t\t\n\t\t\tclass=\"so-widget-sow-image so-widget-sow-image-default-c67d20f9f743-6767\"\n\t\t\t\n\t\t>\n\n\n<div class=\"sow-image-container\">\n\t<img loading=\"lazy\" decoding=\"async\" src=\"https:\/\/homutuvstatek.cz\/wp-content\/uploads\/2025\/04\/45_gvb-1.png\" width=\"104\" height=\"190\" sizes=\"auto, (max-width: 104px) 100vw, 104px\" \t\tclass=\"so-widget-image _shadow default light\"\/>\n<\/div>\n\n<\/div><\/div><\/div><\/div><div id=\"pgc-6767-0-1\"  class=\"panel-grid-cell\" ><div id=\"panel-6767-0-1-0\" class=\"so-panel widget_sow-editor panel-first-child panel-last-child color-layout-light width-normal\" data-index=\"2\" ><div\n\t\t\t\n\t\t\tclass=\"so-widget-sow-editor so-widget-sow-editor-base\"\n\t\t\t\n\t\t>\n<h2 class=\"widget-title text-default\">Masz jakie\u015b pytania? Napisz do nas lub zadzwo\u0144 <\/h2>\n<div class=\"siteorigin-widget-tinymce textwidget\">\n\t<p>Potrzebujesz porady, gdzie wybra\u0107 si\u0119 na wycieczk\u0119 po&nbsp;farmie i&nbsp;czego nie przegapi\u0107? Czy masz jakie\u015b ograniczenia, takie jak ograniczenia ruchowe lub dietetyczne, i&nbsp;chcia\u0142by\u015b uzyska\u0107 nasz\u0105 porad\u0119? Napisz lub zadzwo\u0144 do nas. Z&nbsp;przyjemno\u015bci\u0105 odpowiemy i&nbsp;zrobimy wszystko dla Twojej maksymalnej satysfakcji i&nbsp;komfortu.   <\/p>\n<p>Sprawd\u017a najpierw cz\u0119sto zadawane pytania (FAQ).<\/p>\n<p><a class=\"button button-secondary\" href=\"https:\/\/homutuvstatek.cz\/pl\/?page_id=6666\">Cz\u0119sto zadawane pytania<\/a><\/p>\n<\/div>\n<\/div><\/div><\/div><\/div><\/div><\/div>","protected":false},"excerpt":{"rendered":"<p>Potrzebujesz porady, gdzie wybra\u0107 si\u0119 na wycieczk\u0119 po&nbsp;farmie i&nbsp;czego nie przegapi\u0107? Czy masz jakie\u015b ograniczenia, takie jak ograniczenia ruchowe lub dietetyczne, i&nbsp;chcia\u0142by\u015b uzyska\u0107 nasz\u0105 porad\u0119? Napisz lub zadzwo\u0144 do nas. Z&nbsp;przyjemno\u015bci\u0105 odpowiemy i&nbsp;zrobimy wszystko dla Twojej maksymalnej satysfakcji i&nbsp;komfortu. Sprawd\u017a najpierw cz\u0119sto zadawane pytania (FAQ). Cz\u0119sto zadawane pytania<\/p>\n","protected":false},"author":1,"featured_media":0,"parent":0,"menu_order":0,"comment_status":"closed","ping_status":"closed","template":"","meta":{"_acf_changed":false,"footnotes":""},"class_list":["post-6767","page","type-page","status-publish","hentry"],"acf":[],"_links":{"self":[{"href":"https:\/\/homutuvstatek.cz\/pl\/wp-json\/wp\/v2\/pages\/6767","targetHints":{"allow":["GET"]}}],"collection":[{"href":"https:\/\/homutuvstatek.cz\/pl\/wp-json\/wp\/v2\/pages"}],"about":[{"href":"https:\/\/homutuvstatek.cz\/pl\/wp-json\/wp\/v2\/types\/page"}],"author":[{"embeddable":true,"href":"https:\/\/homutuvstatek.cz\/pl\/wp-json\/wp\/v2\/users\/1"}],"replies":[{"embeddable":true,"href":"https:\/\/homutuvstatek.cz\/pl\/wp-json\/wp\/v2\/comments?post=6767"}],"version-history":[{"count":1,"href":"https:\/\/homutuvstatek.cz\/pl\/wp-json\/wp\/v2\/pages\/6767\/revisions"}],"predecessor-version":[{"id":6770,"href":"https:\/\/homutuvstatek.cz\/pl\/wp-json\/wp\/v2\/pages\/6767\/revisions\/6770"}],"wp:attachment":[{"href":"https:\/\/homutuvstatek.cz\/pl\/wp-json\/wp\/v2\/media?parent=6767"}],"curies":[{"name":"wp","href":"https:\/\/api.w.org\/{rel}","templated":true}]}}