{"id":6654,"date":"2025-03-30T11:34:53","date_gmt":"2025-03-30T09:34:53","guid":{"rendered":"https:\/\/homutuvstatek.cz\/pakiety-pobytowe\/"},"modified":"2025-12-19T12:25:20","modified_gmt":"2025-12-19T11:25:20","slug":"pakiety-pobytowe","status":"publish","type":"page","link":"https:\/\/homutuvstatek.cz\/pl\/pakiety-pobytowe\/","title":{"rendered":"Pakiety pobytowe"},"content":{"rendered":"<div id=\"pl-6654\"  class=\"panel-layout\" ><div id=\"pg-6654-0\"  class=\"panel-grid panel-has-style\" ><div class=\"panel-row-style-default panel-row-width-default panel-row-padding-normal panel-row-style panel-row-style-for-6654-0\" ><div id=\"pgc-6654-0-0\"  class=\"panel-grid-cell\" ><div id=\"panel-6654-0-0-0\" class=\"so-panel widget_hmst-packages widget-posts panel-first-child panel-last-child\" data-index=\"0\" ><div\n\t\t\t\n\t\t\tclass=\"so-widget-hmst-packages so-widget-hmst-packages-base\"\n\t\t\t\n\t\t><h3 class=\"widget-title text-center\"><span>Pakiety pobytowe<\/span><\/h3>\n\n  <div class=\"row offers-wrapper packages-layout-light\">\n\n        <!-- article -->\n    <article class=\"col col-12 col-md-6 col-lg-4 offer-item post-6883 hs__cpt_offers type-hs__cpt_offers status-publish has-post-thumbnail hentry\" id=\"post-6883\">\n      <a href=\"#book\" class=\"offer-link\" onclick=\"Booking.Open({OfferID:496196}); return false;\" title=\"WAKACJE 2025 &#8211; 15% ZNI\u017bKI na min. 4 noce ze \u015bniadaniem!\">\n\n        \n        \n\t\t\t\t<figure class=\"post-thumbnail offer-thumbnail custom-ratio r3x2\">\n\t\t\t\t\t<img decoding=\"async\" src=\"https:\/\/homutuvstatek.cz\/wp-content\/uploads\/2024\/01\/prazdniny-420x280.jpg\" alt=\"Group of school children with teacher on field trip in nature, learning science.\" \/>\n\t\t\t\t<\/figure>\n\n\t\t\t\t\n        <div class=\"post-content offer-content d-flex flex-column justify-content-between\">\n\n          <h2 class=\"offer-title\">WAKACJE 2025 &#8211; 15% ZNI\u017bKI na min. 4 noce ze \u015bniadaniem!<\/h2>\n          <div class=\"offer-price\"><span class=\"offer-price-per\">Price from:<\/span> 870 CZK <span class=\"offer-price-per\">osobu\/noc se sn\u00eddan\u00ed<\/span><\/div>\n\n        <\/div>\n\n      <\/a>\n    <\/article>\n    <!-- \/article -->\n        <!-- article -->\n    <article class=\"col col-12 col-md-6 col-lg-4 offer-item post-6895 hs__cpt_offers type-hs__cpt_offers status-publish has-post-thumbnail hentry\" id=\"post-6895\">\n      <a href=\"#book\" class=\"offer-link\" onclick=\"Booking.Open({OfferID:496236}); return false;\" title=\"WAKACJE LETNIE 2025 &#8211; zni\u017cka na pobyt na 3 noce!!!\">\n\n        \n        \n\t\t\t\t<figure class=\"post-thumbnail offer-thumbnail custom-ratio r3x2\">\n\t\t\t\t\t<img decoding=\"async\" src=\"https:\/\/homutuvstatek.cz\/wp-content\/uploads\/2022\/05\/homutuv-statek_kokorinsko_7757-1-420x280.jpg\" alt=\"Homutuv-statek-Kokorinsko-7757\" \/>\n\t\t\t\t<\/figure>\n\n\t\t\t\t\n        <div class=\"post-content offer-content d-flex flex-column justify-content-between\">\n\n          <h2 class=\"offer-title\">WAKACJE LETNIE 2025 &#8211; zni\u017cka na pobyt na 3 noce!!!<\/h2>\n          <div class=\"offer-price\"><span class=\"offer-price-per\">Price from:<\/span> 950 CZK <span class=\"offer-price-per\">osobu\/noc se sn\u00eddan\u00ed<\/span><\/div>\n\n        <\/div>\n\n      <\/a>\n    <\/article>\n    <!-- \/article -->\n        <!-- article -->\n    <article class=\"col col-12 col-md-6 col-lg-4 offer-item post-6887 hs__cpt_offers type-hs__cpt_offers status-publish has-post-thumbnail hentry\" id=\"post-6887\">\n      <a href=\"#book\" class=\"offer-link\" onclick=\"Booking.Open({OfferID:591175}); return false;\" title=\"SILVESTR 2025 z&nbsp;bogatym bufetem i&nbsp;toastem w cenie!\">\n\n        \n        \n\t\t\t\t<figure class=\"post-thumbnail offer-thumbnail custom-ratio r3x2\">\n\t\t\t\t\t<img decoding=\"async\" src=\"https:\/\/homutuvstatek.cz\/wp-content\/uploads\/2025\/06\/istock-2174302363-420x280.jpg\" alt=\"Golden 2026 Happy New Year Design with blue background.\" \/>\n\t\t\t\t<\/figure>\n\n\t\t\t\t\n        <div class=\"post-content offer-content d-flex flex-column justify-content-between\">\n\n          <h2 class=\"offer-title\">SILVESTR 2025 z&nbsp;bogatym bufetem i&nbsp;toastem w cenie!<\/h2>\n          <div class=\"offer-price\"><span class=\"offer-price-per\">Price from:<\/span> 990 CZK <span class=\"offer-price-per\">osobu\/noc se sn\u00eddan\u00ed a&nbsp;menu<\/span><\/div>\n\n        <\/div>\n\n      <\/a>\n    <\/article>\n    <!-- \/article -->\n        <!-- article -->\n    <article class=\"col col-12 col-md-6 col-lg-4 offer-item post-6880 hs__cpt_offers type-hs__cpt_offers status-publish has-post-thumbnail hentry\" id=\"post-6880\">\n      <a href=\"#book\" class=\"offer-link\" onclick=\"Booking.Open({OfferID:531394}); return false;\" title=\"3+1 DARMOWY NOCLEG &#8211; specjalna oferta dla wybranych dat!\">\n\n        \n        \n\t\t\t\t<figure class=\"post-thumbnail offer-thumbnail custom-ratio r3x2\">\n\t\t\t\t\t<img decoding=\"async\" src=\"https:\/\/homutuvstatek.cz\/wp-content\/uploads\/2020\/12\/img_9959-scaled-1-420x280.jpg\" alt=\"IMG-9959\" \/>\n\t\t\t\t<\/figure>\n\n\t\t\t\t\n        <div class=\"post-content offer-content d-flex flex-column justify-content-between\">\n\n          <h2 class=\"offer-title\">3+1 DARMOWY NOCLEG &#8211; specjalna oferta dla wybranych dat!<\/h2>\n          <div class=\"offer-price\"><span class=\"offer-price-per\">Price from:<\/span> 720 CZK <span class=\"offer-price-per\">osobu\/noc se sn\u00eddan\u00ed<\/span><\/div>\n\n        <\/div>\n\n      <\/a>\n    <\/article>\n    <!-- \/article -->\n        <!-- article -->\n    <article class=\"col col-12 col-md-6 col-lg-4 offer-item post-6872 hs__cpt_offers type-hs__cpt_offers status-publish has-post-thumbnail hentry\" id=\"post-6872\">\n      <a href=\"#book\" class=\"offer-link\" onclick=\"Booking.Open({OfferID:531450}); return false;\" title=\"4+1 DARMOWY NOCLEG &#8211; \u015bwietna oferta na wakacje poza wakacjami!\">\n\n        \n        \n\t\t\t\t<figure class=\"post-thumbnail offer-thumbnail custom-ratio r3x2\">\n\t\t\t\t\t<img decoding=\"async\" src=\"https:\/\/homutuvstatek.cz\/wp-content\/uploads\/2020\/09\/dsc07222-scaled-1-420x280.jpg\" alt=\"DSC07222\" \/>\n\t\t\t\t<\/figure>\n\n\t\t\t\t\n        <div class=\"post-content offer-content d-flex flex-column justify-content-between\">\n\n          <h2 class=\"offer-title\">4+1 DARMOWY NOCLEG &#8211; \u015bwietna oferta na wakacje poza wakacjami!<\/h2>\n          <div class=\"offer-price\"><span class=\"offer-price-per\">Price from:<\/span> 720 CZK <span class=\"offer-price-per\">osobu\/noc se sn\u00eddan\u00ed<\/span><\/div>\n\n        <\/div>\n\n      <\/a>\n    <\/article>\n    <!-- \/article -->\n        <!-- article -->\n    <article class=\"col col-12 col-md-6 col-lg-4 offer-item post-6864 hs__cpt_offers type-hs__cpt_offers status-publish has-post-thumbnail hentry\" id=\"post-6864\">\n      <a href=\"#book\" class=\"offer-link\" onclick=\"Booking.Open({OfferID:424548}); return false;\" title=\"WYPRZEDA\u017b pobyt\u00f3w na 1 noc w SUPER cenie!\">\n\n        \n        \n\t\t\t\t<figure class=\"post-thumbnail offer-thumbnail custom-ratio r3x2\">\n\t\t\t\t\t<img decoding=\"async\" src=\"https:\/\/homutuvstatek.cz\/wp-content\/uploads\/2023\/02\/vyprodej-1-420x280.png\" alt=\"V\u00fdprodej\" \/>\n\t\t\t\t<\/figure>\n\n\t\t\t\t\n        <div class=\"post-content offer-content d-flex flex-column justify-content-between\">\n\n          <h2 class=\"offer-title\">WYPRZEDA\u017b pobyt\u00f3w na 1 noc w SUPER cenie!<\/h2>\n          <div class=\"offer-price\"><span class=\"offer-price-per\">Price from:<\/span> 935 CZK <span class=\"offer-price-per\">osobu\/noc se sn\u00eddan\u00ed<\/span><\/div>\n\n        <\/div>\n\n      <\/a>\n    <\/article>\n    <!-- \/article -->\n        <!-- article -->\n    <article class=\"col col-12 col-md-6 col-lg-4 offer-item post-6892 hs__cpt_offers type-hs__cpt_offers status-publish has-post-thumbnail hentry\" id=\"post-6892\">\n      <a href=\"#book\" class=\"offer-link\" onclick=\"Booking.Open({OfferID:473394}); return false;\" title=\"Warto\u015bciowy kupon upominkowy\">\n\n        \n        \n\t\t\t\t<figure class=\"post-thumbnail offer-thumbnail custom-ratio r3x2\">\n\t\t\t\t\t<img decoding=\"async\" src=\"https:\/\/homutuvstatek.cz\/wp-content\/uploads\/2024\/10\/istock-1195731374-420x280.jpg\" alt=\"iStock-1195731374\" \/>\n\t\t\t\t<\/figure>\n\n\t\t\t\t\n        <div class=\"post-content offer-content d-flex flex-column justify-content-between\">\n\n          <h2 class=\"offer-title\">Warto\u015bciowy kupon upominkowy<\/h2>\n          <div class=\"offer-price\"><span class=\"offer-price-per\">Price from:<\/span> 2&nbsp;500 CZK <span class=\"offer-price-per\">voucher<\/span><\/div>\n\n        <\/div>\n\n      <\/a>\n    <\/article>\n    <!-- \/article -->\n        <!-- article -->\n    <article class=\"col col-12 col-md-6 col-lg-4 offer-item post-6876 hs__cpt_offers type-hs__cpt_offers status-publish has-post-thumbnail hentry\" id=\"post-6876\">\n      <a href=\"#book\" class=\"offer-link\" onclick=\"Booking.Open({OfferID:537254}); return false;\" title=\"NAJLEPSZA CENA DNIA!\">\n\n        \n        \n\t\t\t\t<figure class=\"post-thumbnail offer-thumbnail custom-ratio r3x2\">\n\t\t\t\t\t<img decoding=\"async\" src=\"https:\/\/homutuvstatek.cz\/wp-content\/uploads\/2024\/01\/homutuv-statek_penzion_8201-420x280.jpg\" alt=\"homutuv-statek_penzion_8201\" \/>\n\t\t\t\t<\/figure>\n\n\t\t\t\t\n        <div class=\"post-content offer-content d-flex flex-column justify-content-between\">\n\n          <h2 class=\"offer-title\">NAJLEPSZA CENA DNIA!<\/h2>\n          <div class=\"offer-price\"><span class=\"offer-price-per\">Price from:<\/span> 945 CZK <span class=\"offer-price-per\">osobu\/noc se sn\u00eddan\u00ed<\/span><\/div>\n\n        <\/div>\n\n      <\/a>\n    <\/article>\n    <!-- \/article -->\n        <!-- article -->\n    <article class=\"col col-12 col-md-6 col-lg-4 offer-item post-6869 hs__cpt_offers type-hs__cpt_offers status-publish has-post-thumbnail hentry\" id=\"post-6869\">\n      <a href=\"#book\" class=\"offer-link\" onclick=\"Booking.Open({OfferID:216514}); return false;\" title=\"1 noc ze \u015bniadaniem\">\n\n        \n        \n\t\t\t\t<figure class=\"post-thumbnail offer-thumbnail custom-ratio r3x2\">\n\t\t\t\t\t<img decoding=\"async\" src=\"https:\/\/homutuvstatek.cz\/wp-content\/uploads\/2023\/05\/istock-1182143018mensi-1-420x280.jpg\" alt=\"Young woman enjoying her mountain vacation\" \/>\n\t\t\t\t<\/figure>\n\n\t\t\t\t\n        <div class=\"post-content offer-content d-flex flex-column justify-content-between\">\n\n          <h2 class=\"offer-title\">1 noc ze \u015bniadaniem<\/h2>\n          <div class=\"offer-price\"><span class=\"offer-price-per\">Price from:<\/span> 1&nbsp;260 CZK <span class=\"offer-price-per\">osobu\/noc se sn\u00eddan\u00ed<\/span><\/div>\n\n        <\/div>\n\n      <\/a>\n    <\/article>\n    <!-- \/article -->\n        <!-- article -->\n    <article class=\"col col-12 col-md-6 col-lg-4 offer-item post-6861 hs__cpt_offers type-hs__cpt_offers status-publish has-post-thumbnail hentry\" id=\"post-6861\">\n      <a href=\"#book\" class=\"offer-link\" onclick=\"Booking.Open({OfferID:215810}); return false;\" title=\"ZAKWATEROWANIE ZE \u015aNIADANIEM\">\n\n        \n        \n\t\t\t\t<figure class=\"post-thumbnail offer-thumbnail custom-ratio r3x2\">\n\t\t\t\t\t<img decoding=\"async\" src=\"https:\/\/homutuvstatek.cz\/wp-content\/uploads\/2022\/09\/dsc09825-scaled-1-420x280.jpg\" alt=\"DSC09825\" \/>\n\t\t\t\t<\/figure>\n\n\t\t\t\t\n        <div class=\"post-content offer-content d-flex flex-column justify-content-between\">\n\n          <h2 class=\"offer-title\">ZAKWATEROWANIE ZE \u015aNIADANIEM<\/h2>\n          <div class=\"offer-price\"><span class=\"offer-price-per\">Price from:<\/span> 1&nbsp;050 CZK <span class=\"offer-price-per\">osobu\/noc se sn\u00eddan\u00ed<\/span><\/div>\n\n        <\/div>\n\n      <\/a>\n    <\/article>\n    <!-- \/article -->\n    \n  <\/div>\n\n<\/div><\/div><\/div><\/div><\/div><div id=\"pg-6654-1\"  class=\"panel-grid panel-has-style\" ><div class=\"siteorigin-panels-stretch panel-row-style-default panel-row-width-default panel-row-padding-normal panel-row-style panel-row-style-for-6654-1\" data-stretch-type=\"full\" ><div id=\"pgc-6654-1-0\"  class=\"panel-grid-cell\" ><div id=\"panel-6654-1-0-0\" class=\"so-panel widget_wpa9-posts widget-posts panel-first-child panel-last-child\" data-index=\"1\" ><div\n\t\t\t\n\t\t\tclass=\"so-widget-wpa9-posts so-widget-wpa9-posts-base\"\n\t\t\t\n\t\t><h3 class=\"widget-title text-center\">Co u&nbsp;nas s\u0142ycha\u0107 - wie\u015bci z&nbsp;farmy Homuta<\/h3><div class=\"widget-subheadline text-center\">Chcesz wiedzie\u0107, co dzieje si\u0119 w okolicy, jakie wydarzenia i&nbsp;pakiety przygotowujemy dla Ciebie lub po&nbsp;prostu rzuci\u0107 okiem za kulisy codziennego \u017cycia na farmie? Trafi\u0142e\u015b we w\u0142a\u015bciwe miejsce. <\/div>\r\n\r\n  \r\n  <!-- .posts -->\r\n  <div class=\"loop-posts template-grid-3 row g-0\">\r\n\r\n\t  \r\n    <!-- article -->\r\n    \r\n<article class=\"col-lg-4 col-sm-6 col-12 post-6843 post type-post status-publish format-standard has-post-thumbnail hentry category-bez-kategorii\" id=\"post-6843\">\r\n  <a href=\"https:\/\/homutuvstatek.cz\/pl\/przedstawiamy-nowy-dom-forest-tiny\/\" class=\"post-ajax post-link\" data-postid=\"6843\" title=\"Przedstawiamy nowy dom Forest Tiny\">\r\n      <div class=\"featured-image\">\r\n    <figure class=\"thumbnail r3x2\">\r\n\r\n        <img decoding=\"async\" src=\"https:\/\/homutuvstatek.cz\/wp-content\/uploads\/2025\/06\/pohled-do-kuchyno_tine_house-420x280.jpg\" alt=\"widok na kuchnie\u00d8_tine_house\" \/>\r\n\r\n    <\/figure>\r\n  <\/div>\r\n  \r\n  <h2 class=\"post-title\">Przedstawiamy nowy dom Forest Tiny<\/h2>\r\n\r\n  <div class=\"entry-excerpt\">\r\n    <p>\r\n    Jest w pe\u0142ni wyposa\u017cony i&nbsp;gotowy do ca\u0142orocznego pobytu - z&nbsp;podw\u00f3jnym \u0142\u00f3\u017ckiem, aneksem kuchennym, cz\u0119\u015bci\u0105 wypoczynkow\u0105, \u0142azienk\u0105 z&nbsp;toalet\u0105 i&nbsp;telewizorem. Na tarasie mo\u017cna grillowa\u0107, popija\u0107 wino i&nbsp;obserwowa\u0107 wierzcho\u0142ki drzew.     <\/p>\r\n  <\/div>\r\n\r\n  <div class=\"entry-meta meta meta-read-more hidden\">\r\n      <\/div>\r\n  <\/a>\r\n<\/article>\r\n<!-- \/article -->\r\n\r\n    \r\n    <!-- article -->\r\n    \r\n<article class=\"col-lg-4 col-sm-6 col-12 post-6858 post type-post status-publish format-standard has-post-thumbnail hentry category-bez-kategorii\" id=\"post-6858\">\r\n  <a href=\"https:\/\/homutuvstatek.cz\/pl\/wydarzenia-w-okolicach-wrzesnia-i-pazdziernika-2025-r\/\" class=\"post-ajax post-link\" data-postid=\"6858\" title=\"Wydarzenia w okolicach wrze\u015bnia i&nbsp;pa\u017adziernika 2025 r.\">\r\n      <div class=\"featured-image\">\r\n    <figure class=\"thumbnail r3x2\">\r\n\r\n        <img decoding=\"async\" src=\"https:\/\/homutuvstatek.cz\/wp-content\/uploads\/2024\/01\/homutuv-statek_penzion_8201-420x280.jpg\" alt=\"homutuv-statek_penzion_8201\" \/>\r\n\r\n    <\/figure>\r\n  <\/div>\r\n  \r\n  <h2 class=\"post-title\">Wydarzenia w okolicach wrze\u015bnia i&nbsp;pa\u017adziernika 2025 r.<\/h2>\r\n\r\n  <div class=\"entry-excerpt\">\r\n    <p>\r\n    Dorota Barov\u00e1, Koncert \u015awi\u0119tej Ludmi\u0142y, M\u011bln\u00edk Vintage Festival 2025,...    <\/p>\r\n  <\/div>\r\n\r\n  <div class=\"entry-meta meta meta-read-more hidden\">\r\n      <\/div>\r\n  <\/a>\r\n<\/article>\r\n<!-- \/article -->\r\n\r\n    \r\n    <!-- article -->\r\n    \r\n<article class=\"col-lg-4 col-sm-6 col-12 post-6852 post type-post status-publish format-standard has-post-thumbnail hentry category-bez-kategorii\" id=\"post-6852\">\r\n  <a href=\"https:\/\/homutuvstatek.cz\/pl\/nowosc-na-farmie-homut-prywatna-sauna\/\" class=\"post-ajax post-link\" data-postid=\"6852\" title=\"Nowo\u015b\u0107 na farmie Homut: prywatna sauna\">\r\n      <div class=\"featured-image\">\r\n    <figure class=\"thumbnail r3x2\">\r\n\r\n        <img decoding=\"async\" src=\"https:\/\/homutuvstatek.cz\/wp-content\/uploads\/2025\/06\/sauna_1000005071-420x280.jpg\" alt=\"sauna_1000005071\" \/>\r\n\r\n    <\/figure>\r\n  <\/div>\r\n  \r\n  <h2 class=\"post-title\">Nowo\u015b\u0107 na farmie Homut: prywatna sauna<\/h2>\r\n\r\n  <div class=\"entry-excerpt\">\r\n    <p>\r\n    Nasze marzenia cz\u0119sto maj\u0105 d\u0142u\u017csz\u0105 drog\u0119 do realizacji. Podobnie jak Forest Tiny House, sauna na farmie Homuta musia\u0142a pokona\u0107 wiele przeszk\u00f3d, zanim uzyska\u0142a sw\u00f3j ostateczny kszta\u0142t. Ostatecznie jej projektowaniem i&nbsp;realizacj\u0105 zaj\u0105\u0142 si\u0119 m\u00f3j m\u0105\u017c - autor projektu architektonicznego przebudowy zagrody Homuta, kt\u00f3ry obecnie dopracowuje j\u0105 od pierwszego szkicu po&nbsp;ostatnie detale.      <\/p>\r\n  <\/div>\r\n\r\n  <div class=\"entry-meta meta meta-read-more hidden\">\r\n      <\/div>\r\n  <\/a>\r\n<\/article>\r\n<!-- \/article -->\r\n\r\n    \r\n    \r\n  <\/div>\r\n  <!-- \/posts -->\r\n\r\n\r\n  <aside>\r\n  \r\n    <div class=\"d-flex flex-row justify-content-center\">\r\n      <a class=\"btn btn-dark-transparent\" href=\"https:\/\/homutuvstatek.cz\/co-se-u-nas-deje\/\">Wszystkie wiadomo\u015bci<\/a>\r\n    <\/div>\r\n  <\/aside>\r\n<\/div><\/div><\/div><\/div><\/div><\/div>","protected":false},"excerpt":{"rendered":"","protected":false},"author":1,"featured_media":0,"parent":0,"menu_order":0,"comment_status":"closed","ping_status":"closed","template":"","meta":{"_acf_changed":false,"footnotes":""},"class_list":["post-6654","page","type-page","status-publish","hentry"],"acf":[],"_links":{"self":[{"href":"https:\/\/homutuvstatek.cz\/pl\/wp-json\/wp\/v2\/pages\/6654","targetHints":{"allow":["GET"]}}],"collection":[{"href":"https:\/\/homutuvstatek.cz\/pl\/wp-json\/wp\/v2\/pages"}],"about":[{"href":"https:\/\/homutuvstatek.cz\/pl\/wp-json\/wp\/v2\/types\/page"}],"author":[{"embeddable":true,"href":"https:\/\/homutuvstatek.cz\/pl\/wp-json\/wp\/v2\/users\/1"}],"replies":[{"embeddable":true,"href":"https:\/\/homutuvstatek.cz\/pl\/wp-json\/wp\/v2\/comments?post=6654"}],"version-history":[{"count":1,"href":"https:\/\/homutuvstatek.cz\/pl\/wp-json\/wp\/v2\/pages\/6654\/revisions"}],"predecessor-version":[{"id":6659,"href":"https:\/\/homutuvstatek.cz\/pl\/wp-json\/wp\/v2\/pages\/6654\/revisions\/6659"}],"wp:attachment":[{"href":"https:\/\/homutuvstatek.cz\/pl\/wp-json\/wp\/v2\/media?parent=6654"}],"curies":[{"name":"wp","href":"https:\/\/api.w.org\/{rel}","templated":true}]}}