{"id":6451,"date":"2025-06-24T08:58:02","date_gmt":"2025-06-24T06:58:02","guid":{"rendered":"https:\/\/homutuvstatek.cz\/co-tu-sie-dzieje\/"},"modified":"2025-12-19T12:24:37","modified_gmt":"2025-12-19T11:24:37","slug":"co-tu-sie-dzieje","status":"publish","type":"page","link":"https:\/\/homutuvstatek.cz\/pl\/co-tu-sie-dzieje\/","title":{"rendered":"Co tu si\u0119 dzieje?"},"content":{"rendered":"<div id=\"pl-6451\"  class=\"panel-layout\" ><div id=\"pg-6451-0\"  class=\"panel-grid panel-has-style\" ><div class=\"siteorigin-panels-stretch panel-row-style-default panel-row-width-default panel-row-padding-normal panel-row-style panel-row-style-for-6451-0\" data-stretch-type=\"full\" ><div id=\"pgc-6451-0-0\"  class=\"panel-grid-cell\" ><div id=\"panel-6451-0-0-0\" class=\"so-panel widget_wpa9-posts widget-posts panel-first-child panel-last-child\" data-index=\"0\" ><div\n\t\t\t\n\t\t\tclass=\"so-widget-wpa9-posts so-widget-wpa9-posts-base\"\n\t\t\t\n\t\t><h3 class=\"widget-title text-center\">Co u&nbsp;nas s\u0142ycha\u0107 - wie\u015bci z&nbsp;farmy Homuta<\/h3><div class=\"widget-subheadline text-center\">Chcesz wiedzie\u0107, co dzieje si\u0119 w okolicy, jakie wydarzenia i&nbsp;pakiety przygotowujemy dla Ciebie lub po&nbsp;prostu rzuci\u0107 okiem za kulisy codziennego \u017cycia na farmie? Trafi\u0142e\u015b we w\u0142a\u015bciwe miejsce. <\/div>\r\n\r\n  \r\n  <!-- .posts -->\r\n  <div class=\"loop-posts template-grid-3 row g-0\">\r\n\r\n\t  \r\n    <!-- article -->\r\n    \r\n<article class=\"col-lg-4 col-sm-6 col-12 post-6843 post type-post status-publish format-standard has-post-thumbnail hentry category-bez-kategorii\" id=\"post-6843\">\r\n  <a href=\"https:\/\/homutuvstatek.cz\/pl\/przedstawiamy-nowy-dom-forest-tiny\/\" class=\"post-ajax post-link\" data-postid=\"6843\" title=\"Przedstawiamy nowy dom Forest Tiny\">\r\n      <div class=\"featured-image\">\r\n    <figure class=\"thumbnail r3x2\">\r\n\r\n        <img decoding=\"async\" src=\"https:\/\/homutuvstatek.cz\/wp-content\/uploads\/2025\/06\/pohled-do-kuchyno_tine_house-420x280.jpg\" alt=\"widok na kuchnie\u00d8_tine_house\" \/>\r\n\r\n    <\/figure>\r\n  <\/div>\r\n  \r\n  <h2 class=\"post-title\">Przedstawiamy nowy dom Forest Tiny<\/h2>\r\n\r\n  <div class=\"entry-excerpt\">\r\n    <p>\r\n    Jest w pe\u0142ni wyposa\u017cony i&nbsp;gotowy do ca\u0142orocznego pobytu - z&nbsp;podw\u00f3jnym \u0142\u00f3\u017ckiem, aneksem kuchennym, cz\u0119\u015bci\u0105 wypoczynkow\u0105, \u0142azienk\u0105 z&nbsp;toalet\u0105 i&nbsp;telewizorem. Na tarasie mo\u017cna grillowa\u0107, popija\u0107 wino i&nbsp;obserwowa\u0107 wierzcho\u0142ki drzew.     <\/p>\r\n  <\/div>\r\n\r\n  <div class=\"entry-meta meta meta-read-more hidden\">\r\n      <\/div>\r\n  <\/a>\r\n<\/article>\r\n<!-- \/article -->\r\n\r\n    \r\n    <!-- article -->\r\n    \r\n<article class=\"col-lg-4 col-sm-6 col-12 post-6852 post type-post status-publish format-standard has-post-thumbnail hentry category-bez-kategorii\" id=\"post-6852\">\r\n  <a href=\"https:\/\/homutuvstatek.cz\/pl\/nowosc-na-farmie-homut-prywatna-sauna\/\" class=\"post-ajax post-link\" data-postid=\"6852\" title=\"Nowo\u015b\u0107 na farmie Homut: prywatna sauna\">\r\n      <div class=\"featured-image\">\r\n    <figure class=\"thumbnail r3x2\">\r\n\r\n        <img decoding=\"async\" src=\"https:\/\/homutuvstatek.cz\/wp-content\/uploads\/2025\/06\/sauna_1000005071-420x280.jpg\" alt=\"sauna_1000005071\" \/>\r\n\r\n    <\/figure>\r\n  <\/div>\r\n  \r\n  <h2 class=\"post-title\">Nowo\u015b\u0107 na farmie Homut: prywatna sauna<\/h2>\r\n\r\n  <div class=\"entry-excerpt\">\r\n    <p>\r\n    Nasze marzenia cz\u0119sto maj\u0105 d\u0142u\u017csz\u0105 drog\u0119 do realizacji. Podobnie jak Forest Tiny House, sauna na farmie Homuta musia\u0142a pokona\u0107 wiele przeszk\u00f3d, zanim uzyska\u0142a sw\u00f3j ostateczny kszta\u0142t. Ostatecznie jej projektowaniem i&nbsp;realizacj\u0105 zaj\u0105\u0142 si\u0119 m\u00f3j m\u0105\u017c - autor projektu architektonicznego przebudowy zagrody Homuta, kt\u00f3ry obecnie dopracowuje j\u0105 od pierwszego szkicu po&nbsp;ostatnie detale.      <\/p>\r\n  <\/div>\r\n\r\n  <div class=\"entry-meta meta meta-read-more hidden\">\r\n      <\/div>\r\n  <\/a>\r\n<\/article>\r\n<!-- \/article -->\r\n\r\n    \r\n    <!-- article -->\r\n    \r\n<article class=\"col-lg-4 col-sm-6 col-12 post-6858 post type-post status-publish format-standard has-post-thumbnail hentry category-bez-kategorii\" id=\"post-6858\">\r\n  <a href=\"https:\/\/homutuvstatek.cz\/pl\/wydarzenia-w-okolicach-wrzesnia-i-pazdziernika-2025-r\/\" class=\"post-ajax post-link\" data-postid=\"6858\" title=\"Wydarzenia w okolicach wrze\u015bnia i&nbsp;pa\u017adziernika 2025 r.\">\r\n      <div class=\"featured-image\">\r\n    <figure class=\"thumbnail r3x2\">\r\n\r\n        <img decoding=\"async\" src=\"https:\/\/homutuvstatek.cz\/wp-content\/uploads\/2024\/01\/homutuv-statek_penzion_8201-420x280.jpg\" alt=\"homutuv-statek_penzion_8201\" \/>\r\n\r\n    <\/figure>\r\n  <\/div>\r\n  \r\n  <h2 class=\"post-title\">Wydarzenia w okolicach wrze\u015bnia i&nbsp;pa\u017adziernika 2025 r.<\/h2>\r\n\r\n  <div class=\"entry-excerpt\">\r\n    <p>\r\n    Dorota Barov\u00e1, Koncert \u015awi\u0119tej Ludmi\u0142y, M\u011bln\u00edk Vintage Festival 2025,...    <\/p>\r\n  <\/div>\r\n\r\n  <div class=\"entry-meta meta meta-read-more hidden\">\r\n      <\/div>\r\n  <\/a>\r\n<\/article>\r\n<!-- \/article -->\r\n\r\n    \r\n    \r\n  <\/div>\r\n  <!-- \/posts -->\r\n\r\n\r\n  <aside>\r\n  \r\n  <\/aside>\r\n<\/div><\/div><\/div><\/div><\/div><\/div>","protected":false},"excerpt":{"rendered":"","protected":false},"author":1,"featured_media":0,"parent":0,"menu_order":0,"comment_status":"closed","ping_status":"closed","template":"","meta":{"_acf_changed":false,"footnotes":""},"class_list":["post-6451","page","type-page","status-publish","hentry"],"acf":[],"_links":{"self":[{"href":"https:\/\/homutuvstatek.cz\/pl\/wp-json\/wp\/v2\/pages\/6451","targetHints":{"allow":["GET"]}}],"collection":[{"href":"https:\/\/homutuvstatek.cz\/pl\/wp-json\/wp\/v2\/pages"}],"about":[{"href":"https:\/\/homutuvstatek.cz\/pl\/wp-json\/wp\/v2\/types\/page"}],"author":[{"embeddable":true,"href":"https:\/\/homutuvstatek.cz\/pl\/wp-json\/wp\/v2\/users\/1"}],"replies":[{"embeddable":true,"href":"https:\/\/homutuvstatek.cz\/pl\/wp-json\/wp\/v2\/comments?post=6451"}],"version-history":[{"count":1,"href":"https:\/\/homutuvstatek.cz\/pl\/wp-json\/wp\/v2\/pages\/6451\/revisions"}],"predecessor-version":[{"id":6453,"href":"https:\/\/homutuvstatek.cz\/pl\/wp-json\/wp\/v2\/pages\/6451\/revisions\/6453"}],"wp:attachment":[{"href":"https:\/\/homutuvstatek.cz\/pl\/wp-json\/wp\/v2\/media?parent=6451"}],"curies":[{"name":"wp","href":"https:\/\/api.w.org\/{rel}","templated":true}]}}