{"id":6446,"date":"2025-06-24T08:58:02","date_gmt":"2025-06-24T06:58:02","guid":{"rendered":"https:\/\/homutuvstatek.cz\/whats-happening-here\/"},"modified":"2025-12-18T17:58:49","modified_gmt":"2025-12-18T16:58:49","slug":"whats-happening-here","status":"publish","type":"page","link":"https:\/\/homutuvstatek.cz\/en\/whats-happening-here\/","title":{"rendered":"What&#8217;s&nbsp;happening here"},"content":{"rendered":"<div id=\"pl-6446\"  class=\"panel-layout\" ><div id=\"pg-6446-0\"  class=\"panel-grid panel-has-style\" ><div class=\"siteorigin-panels-stretch panel-row-style-default panel-row-width-default panel-row-padding-normal panel-row-style panel-row-style-for-6446-0\" data-stretch-type=\"full\" ><div id=\"pgc-6446-0-0\"  class=\"panel-grid-cell\" ><div id=\"panel-6446-0-0-0\" class=\"so-panel widget_wpa9-posts widget-posts panel-first-child panel-last-child\" data-index=\"0\" ><div\n\t\t\t\n\t\t\tclass=\"so-widget-wpa9-posts so-widget-wpa9-posts-base\"\n\t\t\t\n\t\t><h3 class=\"widget-title text-center\">What&#039;s&nbsp;going on with us - news from Homut&#039;s&nbsp;farm<\/h3><div class=\"widget-subheadline text-center\">Do you want to know what&#039;s&nbsp;going on in the area, what events and packages we&#039;re preparing for you, or just a&nbsp;glimpse behind the scenes of everyday life on the farm? You&#039;ve come to the right place. <\/div>\r\n\r\n  \r\n  <!-- .posts -->\r\n  <div class=\"loop-posts template-grid-3 row g-0\">\r\n\r\n\t  \r\n    <!-- article -->\r\n    \r\n<article class=\"col-lg-4 col-sm-6 col-12 post-6438 post type-post status-publish format-standard has-post-thumbnail hentry category-uncategorized\" id=\"post-6438\">\r\n  <a href=\"https:\/\/homutuvstatek.cz\/en\/introducing-the-new-forest-tiny-house\/\" class=\"post-ajax post-link\" data-postid=\"6438\" title=\"Introducing the new Forest Tiny house\">\r\n      <div class=\"featured-image\">\r\n    <figure class=\"thumbnail r3x2\">\r\n\r\n        <img decoding=\"async\" src=\"https:\/\/homutuvstatek.cz\/wp-content\/uploads\/2025\/06\/pohled-do-kuchyno_tine_house-420x280.jpg\" alt=\"view of the kitchens\u00d8_tine_house\" \/>\r\n\r\n    <\/figure>\r\n  <\/div>\r\n  \r\n  <h2 class=\"post-title\">Introducing the new Forest Tiny house<\/h2>\r\n\r\n  <div class=\"entry-excerpt\">\r\n    <p>\r\n    It is fully equipped and ready for a&nbsp;year-round stay - with a&nbsp;double bed, kitchenette, seating area, bathroom with toilet and TV. On the terrace you can barbecue, sip wine and watch the treetops.     <\/p>\r\n  <\/div>\r\n\r\n  <div class=\"entry-meta meta meta-read-more hidden\">\r\n      <\/div>\r\n  <\/a>\r\n<\/article>\r\n<!-- \/article -->\r\n\r\n    \r\n    <!-- article -->\r\n    \r\n<article class=\"col-lg-4 col-sm-6 col-12 post-6436 post type-post status-publish format-standard has-post-thumbnail hentry category-uncategorized\" id=\"post-6436\">\r\n  <a href=\"https:\/\/homutuvstatek.cz\/en\/new-on-homuts-farm-private-sauna\/\" class=\"post-ajax post-link\" data-postid=\"6436\" title=\"New on Homut&#8217;s&nbsp;farm: private sauna\">\r\n      <div class=\"featured-image\">\r\n    <figure class=\"thumbnail r3x2\">\r\n\r\n        <img decoding=\"async\" src=\"https:\/\/homutuvstatek.cz\/wp-content\/uploads\/2025\/06\/sauna_1000005071-420x280.jpg\" alt=\"sauna_1000005071\" \/>\r\n\r\n    <\/figure>\r\n  <\/div>\r\n  \r\n  <h2 class=\"post-title\">New on Homut&#8217;s&nbsp;farm: private sauna<\/h2>\r\n\r\n  <div class=\"entry-excerpt\">\r\n    <p>\r\n    Our dreams often have a&nbsp;longer road to realization. Just like the Forest Tiny House, the sauna at Homut's farm had to go through many obstacles before it got its final shape. In the end, my husband - the author of the architectural design of the reconstruction of Homut's farmhouse - took over its design and implementation, and is now putting the finishing touches on it from the first sketch to the final details.      <\/p>\r\n  <\/div>\r\n\r\n  <div class=\"entry-meta meta meta-read-more hidden\">\r\n      <\/div>\r\n  <\/a>\r\n<\/article>\r\n<!-- \/article -->\r\n\r\n    \r\n    <!-- article -->\r\n    \r\n<article class=\"col-lg-4 col-sm-6 col-12 post-6441 post type-post status-publish format-standard has-post-thumbnail hentry category-uncategorized\" id=\"post-6441\">\r\n  <a href=\"https:\/\/homutuvstatek.cz\/en\/events-around-september-and-october-2025\/\" class=\"post-ajax post-link\" data-postid=\"6441\" title=\"Events around September and October 2025\">\r\n      <div class=\"featured-image\">\r\n    <figure class=\"thumbnail r3x2\">\r\n\r\n        <img decoding=\"async\" src=\"https:\/\/homutuvstatek.cz\/wp-content\/uploads\/2024\/01\/homutuv-statek_penzion_8201-420x280.jpg\" alt=\"homutuv-statek_penzion_8201\" \/>\r\n\r\n    <\/figure>\r\n  <\/div>\r\n  \r\n  <h2 class=\"post-title\">Events around September and October 2025<\/h2>\r\n\r\n  <div class=\"entry-excerpt\">\r\n    <p>\r\n    Dorota Barov\u00e1, St. Ludmilla Concert, M\u011bln\u00edk Vintage Festival 2025,...    <\/p>\r\n  <\/div>\r\n\r\n  <div class=\"entry-meta meta meta-read-more hidden\">\r\n      <\/div>\r\n  <\/a>\r\n<\/article>\r\n<!-- \/article -->\r\n\r\n    \r\n    \r\n  <\/div>\r\n  <!-- \/posts -->\r\n\r\n\r\n  <aside>\r\n  \r\n  <\/aside>\r\n<\/div><\/div><\/div><\/div><\/div><\/div>","protected":false},"excerpt":{"rendered":"","protected":false},"author":1,"featured_media":0,"parent":0,"menu_order":0,"comment_status":"closed","ping_status":"closed","template":"","meta":{"_acf_changed":false,"footnotes":""},"class_list":["post-6446","page","type-page","status-publish","hentry"],"acf":[],"_links":{"self":[{"href":"https:\/\/homutuvstatek.cz\/en\/wp-json\/wp\/v2\/pages\/6446","targetHints":{"allow":["GET"]}}],"collection":[{"href":"https:\/\/homutuvstatek.cz\/en\/wp-json\/wp\/v2\/pages"}],"about":[{"href":"https:\/\/homutuvstatek.cz\/en\/wp-json\/wp\/v2\/types\/page"}],"author":[{"embeddable":true,"href":"https:\/\/homutuvstatek.cz\/en\/wp-json\/wp\/v2\/users\/1"}],"replies":[{"embeddable":true,"href":"https:\/\/homutuvstatek.cz\/en\/wp-json\/wp\/v2\/comments?post=6446"}],"version-history":[{"count":1,"href":"https:\/\/homutuvstatek.cz\/en\/wp-json\/wp\/v2\/pages\/6446\/revisions"}],"predecessor-version":[{"id":6447,"href":"https:\/\/homutuvstatek.cz\/en\/wp-json\/wp\/v2\/pages\/6446\/revisions\/6447"}],"wp:attachment":[{"href":"https:\/\/homutuvstatek.cz\/en\/wp-json\/wp\/v2\/media?parent=6446"}],"curies":[{"name":"wp","href":"https:\/\/api.w.org\/{rel}","templated":true}]}}