{"id":6380,"date":"2025-03-30T11:35:03","date_gmt":"2025-03-30T09:35:03","guid":{"rendered":"https:\/\/homutuvstatek.cz\/explore\/"},"modified":"2025-12-14T14:26:42","modified_gmt":"2025-12-14T13:26:42","slug":"explore","status":"publish","type":"page","link":"https:\/\/homutuvstatek.cz\/en\/explore\/","title":{"rendered":"Explore"},"content":{"rendered":"<div id=\"pl-6380\"  class=\"panel-layout\" ><div id=\"pg-6380-0\"  class=\"panel-grid panel-has-style\" ><div class=\"panel-row-style-default panel-row-width-default panel-row-padding-normal panel-row-style panel-row-style-for-6380-0\" ><div id=\"pgc-6380-0-0\"  class=\"panel-grid-cell\" ><div id=\"panel-6380-0-0-0\" class=\"so-panel widget_sow-editor panel-first-child panel-last-child color-layout-dark width-normal\" data-index=\"0\" ><div\n\t\t\t\n\t\t\tclass=\"so-widget-sow-editor so-widget-sow-editor-base\"\n\t\t\t\n\t\t>\n\n<div class=\"siteorigin-widget-tinymce textwidget\">\n\t<p style=\"text-align: center;\"><strong>The magical environment of the Koko\u0159\u00ednsko Protected Landscape Area<\/strong> - one of the most picturesque places in the Central Bohemian Region - still retains, according to many, an attractive mystery that invites exploration. From Homut's farm, situated just a&nbsp;short distance from Prague, you can literally reach all its beauties.<\/p>\n<p style=\"text-align: center;\">Whether you go on foot or by bike, you will find pools and ponds created by the P\u0161ovka river, unique Koko\u0159\u00edn flora, breathtaking sandstone formations, the romantic Koko\u0159\u00edn castle and the mythical Houska or Bezd\u011bz. Just open the gate of Homut's farmhouse and set off for an adventure in the heart of the Koko\u0159\u00edn region.<\/p>\n<\/div>\n<\/div><\/div><\/div><\/div><\/div><div id=\"pg-6380-1\"  class=\"panel-grid panel-has-style\" ><div class=\"panel-row-style-default panel-row-width-default panel-row-padding-normal panel-row-style panel-row-style-for-6380-1\" ><div id=\"pgc-6380-1-0\"  class=\"panel-grid-cell\" ><div id=\"panel-6380-1-0-0\" class=\"so-panel widget_hmst-tips widget-posts panel-first-child panel-last-child\" data-index=\"1\" ><div\n\t\t\t\n\t\t\tclass=\"so-widget-hmst-tips so-widget-hmst-tips-default-c93e1481a745-6380\"\n\t\t\t\n\t\t>\r\n<div class=\"hmst-tips show-as-default\" id=\"hfvljtk\">\r\n\r\n  \r\n  \r\n  <div class=\"hmst-tips-panel-container\">\r\n          <div class=\"hmst-tips-panel odd\">\r\n\r\n        <div class=\"hmst-tips-panel-content\" id=\"slick-slider-hfvljtk-0\">\r\n\r\n          <div class=\"hmst-tips-panel-content-images\">\r\n                                                                  <span class=\"image\" style=\"background-image: url('https:\/\/homutuvstatek.cz\/wp-content\/uploads\/2024\/01\/homutuv-statek_kokorinsko_7860-960x640.jpg')\"><\/span>\r\n                      <\/div>\r\n\r\n          <div class=\"hmst-tips-panel-content-wysiwyg\">\r\n            <h3>Cinibulk's nature trail<\/h3>            <p class=\"p1\">The trail bears the name of Josef Bed\u0159ich Cinibulka, a&nbsp;native of nearby B\u00fdkva and a&nbsp;promoter of hiking. The trail starts in M\u0161eno at the swimming pool, but it can also be connected directly at our farm, from the village of Romanov, through Franti\u0161ek's alley or from other hiking trails in the area. During the trip you will meet many interesting sights, such as the rock formation Giant Head and Frog, the Swedish Wall from the Thirty Years' War, the Intersecting Rock or the Maze - a&nbsp;rock labyrinth.  <\/p>\n<p class=\"p1\"><strong>Length<\/strong> 9 km<br><strong>Difficulty<\/strong> moderate<br><strong><a href=\"https:\/\/homutuvstatek.cz\/\/wp-content\/uploads\/2018\/04\/mapa_cinibulkova.jpg\" target=\"_blank\" rel=\"noopener\">Map for viewing<\/a><\/strong><\/p>\n          <\/div>\r\n\r\n        <\/div>\r\n\r\n    <\/div>\r\n          <div class=\"hmst-tips-panel even\">\r\n\r\n        <div class=\"hmst-tips-panel-content\" id=\"slick-slider-hfvljtk-1\">\r\n\r\n          <div class=\"hmst-tips-panel-content-images\">\r\n                                                                  <span class=\"image\" style=\"background-image: url('https:\/\/homutuvstatek.cz\/wp-content\/uploads\/2024\/01\/homutuv-statek_kokorinsko_7750-960x640.jpg')\"><\/span>\r\n                      <\/div>\r\n\r\n          <div class=\"hmst-tips-panel-content-wysiwyg\">\r\n            <h3>To the Handles and back<\/h3>            <p class=\"p1\">You can connect to the circuit leading to Pokli\u010dky at the B\u00edlka signpost behind Sedlec, blue marked hiking trail No. 1081. At the N\u00e1ckova gorge signpost, choose which way to start the circuit to Pokli\u010dky. You can head towards Apatyka and continue to the wooden stairs below Pokli\u010dky, or head to the rock formation Giant Head and Frog and come to Pokli\u010dky by climbing the hill. <\/p>\n<p>It is not recommended to do the whole tour with a&nbsp;pram. Head towards the Giant's Head and the Frog and continue on towards Pokli\u010dky and back the same way. <\/p>\n<p class=\"p1\"><strong>Length<\/strong> 7.8 km<br><strong>Difficulty<\/strong> moderate<br><strong><a href=\"https:\/\/homutuvstatek.cz\/\/wp-content\/uploads\/2018\/04\/mapa_poklicky.jpg\" target=\"_blank\" rel=\"noopener\">Map for viewing<\/a><\/strong><\/p>\n          <\/div>\r\n\r\n        <\/div>\r\n\r\n    <\/div>\r\n          <div class=\"hmst-tips-panel odd\">\r\n\r\n        <div class=\"hmst-tips-panel-content\" id=\"slick-slider-hfvljtk-2\">\r\n\r\n          <div class=\"hmst-tips-panel-content-images\">\r\n                                                                  <span class=\"image\" style=\"background-image: url('https:\/\/homutuvstatek.cz\/wp-content\/uploads\/2024\/01\/homutuv-statek_kokorinsko_7858-960x640.jpg')\"><\/span>\r\n                      <\/div>\r\n\r\n          <div class=\"hmst-tips-panel-content-wysiwyg\">\r\n            <h3>To Koko\u0159\u00edn Castle <br>and Koko\u0159\u00edn Mine<\/h3>            <p>The green hiking trail No. 3027 leads through the village of Sedlec and leads to the Koko\u0159\u00edn - Dolina signpost. From there you can continue to Koko\u0159\u00edn Castle. From Sedlec, you can also walk to the Koko\u0159\u00edn Mine along hiking trail No. 0053, which will lead you to the U&nbsp;Grobi\u00e1na signpost. From there, you can go to Koko\u0159\u00edn Castle along the M\u00e1cha Trail (trail No. 0024).     <\/p>\n<p><strong>Length<\/strong> 3.5 km (route no. 3027)<br><strong>Difficulty<\/strong> medium<br><a href=\"https:\/\/homutuvstatek.cz\/\/wp-content\/uploads\/2018\/04\/mapa_kokorin.jpg\" target=\"_blank\" rel=\"noopener\"><strong>Map for viewing<\/strong><\/a><\/p>\n          <\/div>\r\n\r\n        <\/div>\r\n\r\n    <\/div>\r\n    <\/div>\r\n<\/div>\r\n<\/div><\/div><\/div><\/div><\/div><div id=\"pg-6380-2\"  class=\"panel-grid panel-has-style\" ><div class=\"panel-row-style-default panel-row-width-default panel-row-padding-none panel-row-style panel-row-style-for-6380-2\" ><div id=\"pgc-6380-2-0\"  class=\"panel-grid-cell\" ><div id=\"panel-6380-2-0-0\" class=\"so-panel widget_wpa9-image-hero panel-first-child panel-last-child\" data-index=\"2\" ><div\n\t\t\t\n\t\t\tclass=\"so-widget-wpa9-image-hero so-widget-wpa9-image-hero-base\"\n\t\t\t\n\t\t>\r\n\r\n\r\r\n<div class=\"wpa9-image-hero-container\">\r\r\n\r\r\n  \r\n\r\r\n    \r\n\r\r\n  <div class=\"parallax-container\" style=\"height:600px\"\">\r\r\n    <img decoding=\"async\" class=\"parallax-image\" src=\"https:\/\/homutuvstatek.cz\/wp-content\/uploads\/2024\/01\/homutuv-statek_kokorinsko_7756.jpg\" \/>\r\r\n    <div class=\"parallax-content wpa9-image-hero-content container vbottom\">\r\r\n      <div class=\"wpa9-image-hero-inner light \"><h3 class=\"p1\">Rent an e-bike from us and enjoy<br>one of the recommended cycle routes<\/h3>\n<\/div>\r\r\n    <\/div>\r\r\n  <\/div>\r\r\n  \r\n\r\r\n  <script>\r\r\n    const parallaxImage = document.querySelector('.parallax-image');\r\r\n\r\r\n    window.addEventListener('scroll', () => {\r\r\n      const scrollY = window.scrollY;\r\r\n      const offset = scrollY * -0.1; \/\/ men\u0161\u00ed hodnota = jemn\u011bj\u0161\u00ed efekt\r\r\n      parallaxImage.style.transform = 'translateY('+offset+'px)';\r\r\n    });\r\r\n\r\r\n    parallaxImage.setAttribute('style','height: 795px');\r\r\n    parallaxImage.setAttribute('style','top: 20%');\r\r\n\r\r\n  <\/script>\r\r\n\r\r\n\r\r\n<\/div>\r\r\n<\/div><\/div><\/div><\/div><\/div><div id=\"pg-6380-3\"  class=\"panel-grid panel-has-style\" ><div class=\"panel-row-style-default panel-row-width-default panel-row-padding-normal panel-row-style panel-row-style-for-6380-3\" ><div id=\"pgc-6380-3-0\"  class=\"panel-grid-cell\" ><div id=\"panel-6380-3-0-0\" class=\"so-panel widget_sow-editor panel-first-child panel-last-child width-normal\" data-index=\"3\" ><div\n\t\t\t\n\t\t\tclass=\"so-widget-sow-editor so-widget-sow-editor-base\"\n\t\t\t\n\t\t>\n\n<div class=\"siteorigin-widget-tinymce textwidget\">\n\t\n<\/div>\n<\/div><\/div><\/div><\/div><\/div><\/div>","protected":false},"excerpt":{"rendered":"<p>The magical environment of the Koko\u0159\u00ednsko Protected Landscape Area &#8211; one of the most picturesque places in the Central Bohemian Region &#8211; still retains, according to many, an attractive mystery that invites exploration. From Homut&#8217;s&nbsp;farm, situated just a&nbsp;short distance from Prague, you can literally reach all its beauties. Whether you go on foot [&hellip;]<\/p>\n","protected":false},"author":1,"featured_media":0,"parent":0,"menu_order":0,"comment_status":"closed","ping_status":"closed","template":"","meta":{"_acf_changed":false,"footnotes":""},"class_list":["post-6380","page","type-page","status-publish","hentry"],"acf":[],"_links":{"self":[{"href":"https:\/\/homutuvstatek.cz\/en\/wp-json\/wp\/v2\/pages\/6380","targetHints":{"allow":["GET"]}}],"collection":[{"href":"https:\/\/homutuvstatek.cz\/en\/wp-json\/wp\/v2\/pages"}],"about":[{"href":"https:\/\/homutuvstatek.cz\/en\/wp-json\/wp\/v2\/types\/page"}],"author":[{"embeddable":true,"href":"https:\/\/homutuvstatek.cz\/en\/wp-json\/wp\/v2\/users\/1"}],"replies":[{"embeddable":true,"href":"https:\/\/homutuvstatek.cz\/en\/wp-json\/wp\/v2\/comments?post=6380"}],"version-history":[{"count":1,"href":"https:\/\/homutuvstatek.cz\/en\/wp-json\/wp\/v2\/pages\/6380\/revisions"}],"predecessor-version":[{"id":6381,"href":"https:\/\/homutuvstatek.cz\/en\/wp-json\/wp\/v2\/pages\/6380\/revisions\/6381"}],"wp:attachment":[{"href":"https:\/\/homutuvstatek.cz\/en\/wp-json\/wp\/v2\/media?parent=6380"}],"curies":[{"name":"wp","href":"https:\/\/api.w.org\/{rel}","templated":true}]}}