{"id":6187,"date":"2025-03-30T11:34:53","date_gmt":"2025-03-30T09:34:53","guid":{"rendered":"https:\/\/homutuvstatek.cz\/stay-packages\/"},"modified":"2025-12-13T11:47:44","modified_gmt":"2025-12-13T10:47:44","slug":"stay-packages","status":"publish","type":"page","link":"https:\/\/homutuvstatek.cz\/en\/stay-packages\/","title":{"rendered":"Stay packages"},"content":{"rendered":"<div id=\"pl-6187\"  class=\"panel-layout\" ><div id=\"pg-6187-0\"  class=\"panel-grid panel-has-style\" ><div class=\"panel-row-style-default panel-row-width-default panel-row-padding-normal panel-row-style panel-row-style-for-6187-0\" ><div id=\"pgc-6187-0-0\"  class=\"panel-grid-cell\" ><div id=\"panel-6187-0-0-0\" class=\"so-panel widget_hmst-packages widget-posts panel-first-child panel-last-child\" data-index=\"0\" ><div\n\t\t\t\n\t\t\tclass=\"so-widget-hmst-packages so-widget-hmst-packages-base\"\n\t\t\t\n\t\t><h3 class=\"widget-title text-center\"><span>Pobytov\u00e9 bal\u00ed\u010dky<\/span><\/h3>\n\n  <div class=\"row offers-wrapper packages-layout-light\">\n\n        <!-- article -->\n    <article class=\"col col-12 col-md-6 col-lg-4 offer-item post-6272 hs__cpt_offers type-hs__cpt_offers status-publish has-post-thumbnail hentry\" id=\"post-6272\">\n      <a href=\"#book\" class=\"offer-link\" onclick=\"Booking.Open({OfferID:531460}); return false;\" title=\"AUTUMN HOLIDAYS 24.-29.10.2025&nbsp;15% discount\">\n\n        \n        \n\t\t\t\t<figure class=\"post-thumbnail offer-thumbnail custom-ratio r3x2\">\n\t\t\t\t\t<img decoding=\"async\" src=\"https:\/\/homutuvstatek.cz\/wp-content\/uploads\/2023\/07\/istock-664074806_1-scaled-1-420x280.jpg\" alt=\"Happy extended family throwing leaves around\" \/>\n\t\t\t\t<\/figure>\n\n\t\t\t\t\n        <div class=\"post-content offer-content d-flex flex-column justify-content-between\">\n\n          <h2 class=\"offer-title\">AUTUMN HOLIDAYS 24.-29.10.2025&nbsp;15% discount<\/h2>\n          <div class=\"offer-price\"><span class=\"offer-price-per\">Price from:<\/span> 890 CZK <span class=\"offer-price-per\">osobu\/noc se sn\u00eddan\u00ed<\/span><\/div>\n\n        <\/div>\n\n      <\/a>\n    <\/article>\n    <!-- \/article -->\n        <!-- article -->\n    <article class=\"col col-12 col-md-6 col-lg-4 offer-item post-6262 hs__cpt_offers type-hs__cpt_offers status-publish has-post-thumbnail hentry\" id=\"post-6262\">\n      <a href=\"#book\" class=\"offer-link\" onclick=\"Booking.Open({OfferID:496196}); return false;\" title=\"SUMMER HOLIDAYS 2025 &#8211; 15% DISCOUNT for min 4 nights with breakfast!\">\n\n        \n        \n\t\t\t\t<figure class=\"post-thumbnail offer-thumbnail custom-ratio r3x2\">\n\t\t\t\t\t<img decoding=\"async\" src=\"https:\/\/homutuvstatek.cz\/wp-content\/uploads\/2024\/01\/prazdniny-420x280.jpg\" alt=\"Group of school children with teacher on field trip in nature, learning science.\" \/>\n\t\t\t\t<\/figure>\n\n\t\t\t\t\n        <div class=\"post-content offer-content d-flex flex-column justify-content-between\">\n\n          <h2 class=\"offer-title\">SUMMER HOLIDAYS 2025 &#8211; 15% DISCOUNT for min 4 nights with breakfast!<\/h2>\n          <div class=\"offer-price\"><span class=\"offer-price-per\">Price from:<\/span> 870 CZK <span class=\"offer-price-per\">osobu\/noc se sn\u00eddan\u00ed<\/span><\/div>\n\n        <\/div>\n\n      <\/a>\n    <\/article>\n    <!-- \/article -->\n        <!-- article -->\n    <article class=\"col col-12 col-md-6 col-lg-4 offer-item post-6258 hs__cpt_offers type-hs__cpt_offers status-publish has-post-thumbnail hentry\" id=\"post-6258\">\n      <a href=\"#book\" class=\"offer-link\" onclick=\"Booking.Open({OfferID:496236}); return false;\" title=\"SUMMER HOLIDAY 2025 &#8211; discounted stay for 3 nights!!!\">\n\n        \n        \n\t\t\t\t<figure class=\"post-thumbnail offer-thumbnail custom-ratio r3x2\">\n\t\t\t\t\t<img decoding=\"async\" src=\"https:\/\/homutuvstatek.cz\/wp-content\/uploads\/2022\/05\/homutuv-statek_kokorinsko_7757-1-420x280.jpg\" alt=\"Homutuv-statek-Kokorinsko-7757\" \/>\n\t\t\t\t<\/figure>\n\n\t\t\t\t\n        <div class=\"post-content offer-content d-flex flex-column justify-content-between\">\n\n          <h2 class=\"offer-title\">SUMMER HOLIDAY 2025 &#8211; discounted stay for 3 nights!!!<\/h2>\n          <div class=\"offer-price\"><span class=\"offer-price-per\">Price from:<\/span> 950 CZK <span class=\"offer-price-per\">osobu\/noc se sn\u00eddan\u00ed<\/span><\/div>\n\n        <\/div>\n\n      <\/a>\n    <\/article>\n    <!-- \/article -->\n        <!-- article -->\n    <article class=\"col col-12 col-md-6 col-lg-4 offer-item post-6270 hs__cpt_offers type-hs__cpt_offers status-publish has-post-thumbnail hentry\" id=\"post-6270\">\n      <a href=\"#book\" class=\"offer-link\" onclick=\"Booking.Open({OfferID:531458}); return false;\" title=\"BABY SUMMER &#8211; HOLIDAY NOT ONLY FOR SENIORS &#8211; 15% discount for 3 nights from Sun or Mon\">\n\n        \n        \n\t\t\t\t<figure class=\"post-thumbnail offer-thumbnail custom-ratio r3x2\">\n\t\t\t\t\t<img decoding=\"async\" src=\"https:\/\/homutuvstatek.cz\/wp-content\/uploads\/2021\/03\/duchodci-mensi-scaled-1-420x280.jpg\" alt=\"d\u016fchodci men\u0161\u00ed\" \/>\n\t\t\t\t<\/figure>\n\n\t\t\t\t\n        <div class=\"post-content offer-content d-flex flex-column justify-content-between\">\n\n          <h2 class=\"offer-title\">BABY SUMMER &#8211; HOLIDAY NOT ONLY FOR SENIORS &#8211; 15% discount for 3 nights from Sun or Mon<\/h2>\n          <div class=\"offer-price\"><span class=\"offer-price-per\">Price from:<\/span> 700 CZK <span class=\"offer-price-per\">osobu\/noc se sn\u00eddan\u00ed<\/span><\/div>\n\n        <\/div>\n\n      <\/a>\n    <\/article>\n    <!-- \/article -->\n        <!-- article -->\n    <article class=\"col col-12 col-md-6 col-lg-4 offer-item post-6267 hs__cpt_offers type-hs__cpt_offers status-publish has-post-thumbnail hentry\" id=\"post-6267\">\n      <a href=\"#book\" class=\"offer-link\" onclick=\"Booking.Open({OfferID:595149}); return false;\" title=\"HOLIDAY WEEKEND &#8211; come and taste the original menu included in the price!\">\n\n        \n        \n\t\t\t\t<figure class=\"post-thumbnail offer-thumbnail custom-ratio r3x2\">\n\t\t\t\t\t<img decoding=\"async\" src=\"https:\/\/homutuvstatek.cz\/wp-content\/uploads\/2023\/09\/husa-s-loksi1-1-420x280.jpg\" alt=\"husa s lok\u0161\u00ed1\" \/>\n\t\t\t\t<\/figure>\n\n\t\t\t\t\n        <div class=\"post-content offer-content d-flex flex-column justify-content-between\">\n\n          <h2 class=\"offer-title\">HOLIDAY WEEKEND &#8211; come and taste the original menu included in the price!<\/h2>\n          <div class=\"offer-price\"><span class=\"offer-price-per\">Price from:<\/span> 1&nbsp;005 CZK <span class=\"offer-price-per\">osobu\/noc se sn\u00eddan\u00ed a&nbsp;menu<\/span><\/div>\n\n        <\/div>\n\n      <\/a>\n    <\/article>\n    <!-- \/article -->\n        <!-- article -->\n    <article class=\"col col-12 col-md-6 col-lg-4 offer-item post-6263 hs__cpt_offers type-hs__cpt_offers status-publish has-post-thumbnail hentry\" id=\"post-6263\">\n      <a href=\"#book\" class=\"offer-link\" onclick=\"Booking.Open({OfferID:591175}); return false;\" title=\"SILVESTR 2025 with a&nbsp;rich buffet and toast included!\">\n\n        \n        \n\t\t\t\t<figure class=\"post-thumbnail offer-thumbnail custom-ratio r3x2\">\n\t\t\t\t\t<img decoding=\"async\" src=\"https:\/\/homutuvstatek.cz\/wp-content\/uploads\/2025\/06\/istock-2174302363-420x280.jpg\" alt=\"Golden 2026 Happy New Year Design with blue background.\" \/>\n\t\t\t\t<\/figure>\n\n\t\t\t\t\n        <div class=\"post-content offer-content d-flex flex-column justify-content-between\">\n\n          <h2 class=\"offer-title\">SILVESTR 2025 with a&nbsp;rich buffet and toast included!<\/h2>\n          <div class=\"offer-price\"><span class=\"offer-price-per\">Price from:<\/span> 990 CZK <span class=\"offer-price-per\">osobu\/noc se sn\u00eddan\u00ed a&nbsp;menu<\/span><\/div>\n\n        <\/div>\n\n      <\/a>\n    <\/article>\n    <!-- \/article -->\n        <!-- article -->\n    <article class=\"col col-12 col-md-6 col-lg-4 offer-item post-6259 hs__cpt_offers type-hs__cpt_offers status-publish has-post-thumbnail hentry\" id=\"post-6259\">\n      <a href=\"#book\" class=\"offer-link\" onclick=\"Booking.Open({OfferID:531394}); return false;\" title=\"3+1 FREE NIGHT &#8211; special offer for selected dates!\">\n\n        \n        \n\t\t\t\t<figure class=\"post-thumbnail offer-thumbnail custom-ratio r3x2\">\n\t\t\t\t\t<img decoding=\"async\" src=\"https:\/\/homutuvstatek.cz\/wp-content\/uploads\/2020\/12\/img_9959-scaled-1-420x280.jpg\" alt=\"IMG-9959\" \/>\n\t\t\t\t<\/figure>\n\n\t\t\t\t\n        <div class=\"post-content offer-content d-flex flex-column justify-content-between\">\n\n          <h2 class=\"offer-title\">3+1 FREE NIGHT &#8211; special offer for selected dates!<\/h2>\n          <div class=\"offer-price\"><span class=\"offer-price-per\">Price from:<\/span> 720 CZK <span class=\"offer-price-per\">osobu\/noc se sn\u00eddan\u00ed<\/span><\/div>\n\n        <\/div>\n\n      <\/a>\n    <\/article>\n    <!-- \/article -->\n        <!-- article -->\n    <article class=\"col col-12 col-md-6 col-lg-4 offer-item post-6275 hs__cpt_offers type-hs__cpt_offers status-publish has-post-thumbnail hentry\" id=\"post-6275\">\n      <a href=\"#book\" class=\"offer-link\" onclick=\"Booking.Open({OfferID:531450}); return false;\" title=\"4+1 FREE NIGHT &#8211; great offer for holidays outside the holidays!\">\n\n        \n        \n\t\t\t\t<figure class=\"post-thumbnail offer-thumbnail custom-ratio r3x2\">\n\t\t\t\t\t<img decoding=\"async\" src=\"https:\/\/homutuvstatek.cz\/wp-content\/uploads\/2020\/09\/dsc07222-scaled-1-420x280.jpg\" alt=\"DSC07222\" \/>\n\t\t\t\t<\/figure>\n\n\t\t\t\t\n        <div class=\"post-content offer-content d-flex flex-column justify-content-between\">\n\n          <h2 class=\"offer-title\">4+1 FREE NIGHT &#8211; great offer for holidays outside the holidays!<\/h2>\n          <div class=\"offer-price\"><span class=\"offer-price-per\">Price from:<\/span> 720 CZK <span class=\"offer-price-per\">osobu\/noc se sn\u00eddan\u00ed<\/span><\/div>\n\n        <\/div>\n\n      <\/a>\n    <\/article>\n    <!-- \/article -->\n        <!-- article -->\n    <article class=\"col col-12 col-md-6 col-lg-4 offer-item post-6284 hs__cpt_offers type-hs__cpt_offers status-publish has-post-thumbnail hentry\" id=\"post-6284\">\n      <a href=\"#book\" class=\"offer-link\" onclick=\"Booking.Open({OfferID:424548}); return false;\" title=\"SALE of stays for 1 night at a&nbsp;SUPER price!\">\n\n        \n        \n\t\t\t\t<figure class=\"post-thumbnail offer-thumbnail custom-ratio r3x2\">\n\t\t\t\t\t<img decoding=\"async\" src=\"https:\/\/homutuvstatek.cz\/wp-content\/uploads\/2023\/02\/vyprodej-1-420x280.png\" alt=\"V\u00fdprodej\" \/>\n\t\t\t\t<\/figure>\n\n\t\t\t\t\n        <div class=\"post-content offer-content d-flex flex-column justify-content-between\">\n\n          <h2 class=\"offer-title\">SALE of stays for 1 night at a&nbsp;SUPER price!<\/h2>\n          <div class=\"offer-price\"><span class=\"offer-price-per\">Price from:<\/span> 935 CZK <span class=\"offer-price-per\">osobu\/noc se sn\u00eddan\u00ed<\/span><\/div>\n\n        <\/div>\n\n      <\/a>\n    <\/article>\n    <!-- \/article -->\n        <!-- article -->\n    <article class=\"col col-12 col-md-6 col-lg-4 offer-item post-6282 hs__cpt_offers type-hs__cpt_offers status-publish has-post-thumbnail hentry\" id=\"post-6282\">\n      <a href=\"#book\" class=\"offer-link\" onclick=\"Booking.Open({OfferID:473394}); return false;\" title=\"Value gift voucher\">\n\n        \n        \n\t\t\t\t<figure class=\"post-thumbnail offer-thumbnail custom-ratio r3x2\">\n\t\t\t\t\t<img decoding=\"async\" src=\"https:\/\/homutuvstatek.cz\/wp-content\/uploads\/2024\/10\/istock-1195731374-420x280.jpg\" alt=\"iStock-1195731374\" \/>\n\t\t\t\t<\/figure>\n\n\t\t\t\t\n        <div class=\"post-content offer-content d-flex flex-column justify-content-between\">\n\n          <h2 class=\"offer-title\">Value gift voucher<\/h2>\n          <div class=\"offer-price\"><span class=\"offer-price-per\">Price from:<\/span> 2&nbsp;500 CZK <span class=\"offer-price-per\">voucher<\/span><\/div>\n\n        <\/div>\n\n      <\/a>\n    <\/article>\n    <!-- \/article -->\n        <!-- article -->\n    <article class=\"col col-12 col-md-6 col-lg-4 offer-item post-6280 hs__cpt_offers type-hs__cpt_offers status-publish has-post-thumbnail hentry\" id=\"post-6280\">\n      <a href=\"#book\" class=\"offer-link\" onclick=\"Booking.Open({OfferID:537254}); return false;\" title=\"THE BEST PRICE OF THE DAY!\">\n\n        \n        \n\t\t\t\t<figure class=\"post-thumbnail offer-thumbnail custom-ratio r3x2\">\n\t\t\t\t\t<img decoding=\"async\" src=\"https:\/\/homutuvstatek.cz\/wp-content\/uploads\/2024\/01\/homutuv-statek_penzion_8201-420x280.jpg\" alt=\"homutuv-statek_penzion_8201\" \/>\n\t\t\t\t<\/figure>\n\n\t\t\t\t\n        <div class=\"post-content offer-content d-flex flex-column justify-content-between\">\n\n          <h2 class=\"offer-title\">THE BEST PRICE OF THE DAY!<\/h2>\n          <div class=\"offer-price\"><span class=\"offer-price-per\">Price from:<\/span> 945 CZK <span class=\"offer-price-per\">osobu\/noc se sn\u00eddan\u00ed<\/span><\/div>\n\n        <\/div>\n\n      <\/a>\n    <\/article>\n    <!-- \/article -->\n        <!-- article -->\n    <article class=\"col col-12 col-md-6 col-lg-4 offer-item post-6278 hs__cpt_offers type-hs__cpt_offers status-publish has-post-thumbnail hentry\" id=\"post-6278\">\n      <a href=\"#book\" class=\"offer-link\" onclick=\"Booking.Open({OfferID:216514}); return false;\" title=\"1 night stay with breakfast\">\n\n        \n        \n\t\t\t\t<figure class=\"post-thumbnail offer-thumbnail custom-ratio r3x2\">\n\t\t\t\t\t<img decoding=\"async\" src=\"https:\/\/homutuvstatek.cz\/wp-content\/uploads\/2023\/05\/istock-1182143018mensi-1-420x280.jpg\" alt=\"Young woman enjoying her mountain vacation\" \/>\n\t\t\t\t<\/figure>\n\n\t\t\t\t\n        <div class=\"post-content offer-content d-flex flex-column justify-content-between\">\n\n          <h2 class=\"offer-title\">1 night stay with breakfast<\/h2>\n          <div class=\"offer-price\"><span class=\"offer-price-per\">Price from:<\/span> 1&nbsp;260 CZK <span class=\"offer-price-per\">osobu\/noc se sn\u00eddan\u00ed<\/span><\/div>\n\n        <\/div>\n\n      <\/a>\n    <\/article>\n    <!-- \/article -->\n        <!-- article -->\n    <article class=\"col col-12 col-md-6 col-lg-4 offer-item post-6274 hs__cpt_offers type-hs__cpt_offers status-publish has-post-thumbnail hentry\" id=\"post-6274\">\n      <a href=\"#book\" class=\"offer-link\" onclick=\"Booking.Open({OfferID:215810}); return false;\" title=\"ACCOMMODATION WITH BREAKFAST\">\n\n        \n        \n\t\t\t\t<figure class=\"post-thumbnail offer-thumbnail custom-ratio r3x2\">\n\t\t\t\t\t<img decoding=\"async\" src=\"https:\/\/homutuvstatek.cz\/wp-content\/uploads\/2022\/09\/dsc09825-scaled-1-420x280.jpg\" alt=\"DSC09825\" \/>\n\t\t\t\t<\/figure>\n\n\t\t\t\t\n        <div class=\"post-content offer-content d-flex flex-column justify-content-between\">\n\n          <h2 class=\"offer-title\">ACCOMMODATION WITH BREAKFAST<\/h2>\n          <div class=\"offer-price\"><span class=\"offer-price-per\">Price from:<\/span> 1&nbsp;050 CZK <span class=\"offer-price-per\">osobu\/noc se sn\u00eddan\u00ed<\/span><\/div>\n\n        <\/div>\n\n      <\/a>\n    <\/article>\n    <!-- \/article -->\n    \n  <\/div>\n\n<\/div><\/div><\/div><\/div><\/div><div id=\"pg-6187-1\"  class=\"panel-grid panel-has-style\" ><div class=\"siteorigin-panels-stretch panel-row-style-default panel-row-width-default panel-row-padding-normal panel-row-style panel-row-style-for-6187-1\" data-stretch-type=\"full\" ><div id=\"pgc-6187-1-0\"  class=\"panel-grid-cell\" ><div id=\"panel-6187-1-0-0\" class=\"so-panel widget_wpa9-posts widget-posts panel-first-child panel-last-child\" data-index=\"1\" ><div\n\t\t\t\n\t\t\tclass=\"so-widget-wpa9-posts so-widget-wpa9-posts-base\"\n\t\t\t\n\t\t><h3 class=\"widget-title text-center\">What&#039;s&nbsp;happening here \u2013 news from Homutov Farm<\/h3><div class=\"widget-subheadline text-center\">Would you like to know what&#039;s&nbsp;happening in the area, what events and packages we have prepared for you, or just take a&nbsp;peek behind the scenes of everyday life on the farm? You&#039;ve come to the right place.<\/div>\r\n\r\n  \r\n  <!-- .posts -->\r\n  <div class=\"loop-posts template-grid-3 row g-0\">\r\n\r\n\t  \r\n    <!-- article -->\r\n    \r\n<article class=\"col-lg-4 col-sm-6 col-12 post-6438 post type-post status-publish format-standard has-post-thumbnail hentry category-uncategorized\" id=\"post-6438\">\r\n  <a href=\"https:\/\/homutuvstatek.cz\/en\/introducing-the-new-forest-tiny-house\/\" class=\"post-ajax post-link\" data-postid=\"6438\" title=\"Introducing the new Forest Tiny house\">\r\n      <div class=\"featured-image\">\r\n    <figure class=\"thumbnail r3x2\">\r\n\r\n        <img decoding=\"async\" src=\"https:\/\/homutuvstatek.cz\/wp-content\/uploads\/2025\/06\/pohled-do-kuchyno_tine_house-420x280.jpg\" alt=\"view of the kitchens\u00d8_tine_house\" \/>\r\n\r\n    <\/figure>\r\n  <\/div>\r\n  \r\n  <h2 class=\"post-title\">Introducing the new Forest Tiny house<\/h2>\r\n\r\n  <div class=\"entry-excerpt\">\r\n    <p>\r\n    It is fully equipped and ready for a&nbsp;year-round stay - with a&nbsp;double bed, kitchenette, seating area, bathroom with toilet and TV. On the terrace you can barbecue, sip wine and watch the treetops.     <\/p>\r\n  <\/div>\r\n\r\n  <div class=\"entry-meta meta meta-read-more hidden\">\r\n      <\/div>\r\n  <\/a>\r\n<\/article>\r\n<!-- \/article -->\r\n\r\n    \r\n    <!-- article -->\r\n    \r\n<article class=\"col-lg-4 col-sm-6 col-12 post-6441 post type-post status-publish format-standard has-post-thumbnail hentry category-uncategorized\" id=\"post-6441\">\r\n  <a href=\"https:\/\/homutuvstatek.cz\/en\/events-around-september-and-october-2025\/\" class=\"post-ajax post-link\" data-postid=\"6441\" title=\"Events around September and October 2025\">\r\n      <div class=\"featured-image\">\r\n    <figure class=\"thumbnail r3x2\">\r\n\r\n        <img decoding=\"async\" src=\"https:\/\/homutuvstatek.cz\/wp-content\/uploads\/2024\/01\/homutuv-statek_penzion_8201-420x280.jpg\" alt=\"homutuv-statek_penzion_8201\" \/>\r\n\r\n    <\/figure>\r\n  <\/div>\r\n  \r\n  <h2 class=\"post-title\">Events around September and October 2025<\/h2>\r\n\r\n  <div class=\"entry-excerpt\">\r\n    <p>\r\n    Dorota Barov\u00e1, St. Ludmilla Concert, M\u011bln\u00edk Vintage Festival 2025,...    <\/p>\r\n  <\/div>\r\n\r\n  <div class=\"entry-meta meta meta-read-more hidden\">\r\n      <\/div>\r\n  <\/a>\r\n<\/article>\r\n<!-- \/article -->\r\n\r\n    \r\n    <!-- article -->\r\n    \r\n<article class=\"col-lg-4 col-sm-6 col-12 post-6436 post type-post status-publish format-standard has-post-thumbnail hentry category-uncategorized\" id=\"post-6436\">\r\n  <a href=\"https:\/\/homutuvstatek.cz\/en\/new-on-homuts-farm-private-sauna\/\" class=\"post-ajax post-link\" data-postid=\"6436\" title=\"New on Homut&#8217;s&nbsp;farm: private sauna\">\r\n      <div class=\"featured-image\">\r\n    <figure class=\"thumbnail r3x2\">\r\n\r\n        <img decoding=\"async\" src=\"https:\/\/homutuvstatek.cz\/wp-content\/uploads\/2025\/06\/sauna_1000005071-420x280.jpg\" alt=\"sauna_1000005071\" \/>\r\n\r\n    <\/figure>\r\n  <\/div>\r\n  \r\n  <h2 class=\"post-title\">New on Homut&#8217;s&nbsp;farm: private sauna<\/h2>\r\n\r\n  <div class=\"entry-excerpt\">\r\n    <p>\r\n    Our dreams often have a&nbsp;longer road to realization. Just like the Forest Tiny House, the sauna at Homut's farm had to go through many obstacles before it got its final shape. In the end, my husband - the author of the architectural design of the reconstruction of Homut's farmhouse - took over its design and implementation, and is now putting the finishing touches on it from the first sketch to the final details.      <\/p>\r\n  <\/div>\r\n\r\n  <div class=\"entry-meta meta meta-read-more hidden\">\r\n      <\/div>\r\n  <\/a>\r\n<\/article>\r\n<!-- \/article -->\r\n\r\n    \r\n    \r\n  <\/div>\r\n  <!-- \/posts -->\r\n\r\n\r\n  <aside>\r\n  \r\n    <div class=\"d-flex flex-row justify-content-center\">\r\n      <a class=\"btn btn-dark-transparent\" href=\"https:\/\/homutuvstatek.cz\/co-se-u-nas-deje\/\">V\u0161echny novinky<\/a>\r\n    <\/div>\r\n  <\/aside>\r\n<\/div><\/div><\/div><\/div><\/div><\/div>","protected":false},"excerpt":{"rendered":"","protected":false},"author":1,"featured_media":0,"parent":0,"menu_order":0,"comment_status":"closed","ping_status":"closed","template":"","meta":{"_acf_changed":false,"footnotes":""},"class_list":["post-6187","page","type-page","status-publish","hentry"],"acf":[],"_links":{"self":[{"href":"https:\/\/homutuvstatek.cz\/en\/wp-json\/wp\/v2\/pages\/6187","targetHints":{"allow":["GET"]}}],"collection":[{"href":"https:\/\/homutuvstatek.cz\/en\/wp-json\/wp\/v2\/pages"}],"about":[{"href":"https:\/\/homutuvstatek.cz\/en\/wp-json\/wp\/v2\/types\/page"}],"author":[{"embeddable":true,"href":"https:\/\/homutuvstatek.cz\/en\/wp-json\/wp\/v2\/users\/1"}],"replies":[{"embeddable":true,"href":"https:\/\/homutuvstatek.cz\/en\/wp-json\/wp\/v2\/comments?post=6187"}],"version-history":[{"count":9,"href":"https:\/\/homutuvstatek.cz\/en\/wp-json\/wp\/v2\/pages\/6187\/revisions"}],"predecessor-version":[{"id":6349,"href":"https:\/\/homutuvstatek.cz\/en\/wp-json\/wp\/v2\/pages\/6187\/revisions\/6349"}],"wp:attachment":[{"href":"https:\/\/homutuvstatek.cz\/en\/wp-json\/wp\/v2\/media?parent=6187"}],"curies":[{"name":"wp","href":"https:\/\/api.w.org\/{rel}","templated":true}]}}