{"id":6180,"date":"2025-03-30T11:12:15","date_gmt":"2025-03-30T09:12:15","guid":{"rendered":"https:\/\/homutuvstatek.cz\/accommodation\/"},"modified":"2025-12-12T14:11:31","modified_gmt":"2025-12-12T13:11:31","slug":"accommodation","status":"publish","type":"page","link":"https:\/\/homutuvstatek.cz\/en\/accommodation\/","title":{"rendered":"Accommodation"},"content":{"rendered":"<div id=\"pl-6180\"  class=\"panel-layout\" ><div id=\"pg-6180-0\"  class=\"panel-grid panel-has-style\" ><div class=\"panel-row-style-default panel-row-width-default panel-row-padding-small panel-row-style panel-row-style-for-6180-0\" ><div id=\"pgc-6180-0-0\"  class=\"panel-grid-cell\" ><div id=\"panel-6180-0-0-0\" class=\"so-panel widget_wpa9-headline panel-first-child panel-last-child\" data-index=\"0\" ><div\n\t\t\t\n\t\t\tclass=\"so-widget-wpa9-headline so-widget-wpa9-headline-default-c93e1481a745-6180\"\n\t\t\t\n\t\t><div class=\"wpa9-headline-container sow-headline-container\">\r\n<div class=\"wpa9-headline-subheadline\"><p style=\"text-align: center\">Na <strong>Homutov\u011b statku<\/strong> pro v\u00e1s m\u00e1me p\u0159ipraveno <strong>8 pokoj\u016f, 3 apartm\u00e1ny<\/strong> a&nbsp;<strong>1 lesn\u00ed tine house<\/strong> s&nbsp;celkovou kapacitou <strong>42 l\u016f\u017eek<\/strong>. Ka\u017ed\u00fd z&nbsp;nich je jin\u00fd, ale v\u0161echny maj\u00ed n\u011bco spole\u010dn\u00e9ho: <strong>autentickou atmosf\u00e9ru venkova, modern\u00ed komfort<\/strong> a&nbsp;respekt k&nbsp;historii, kter\u00fd se nevnucuje \u2013 prost\u011b p\u0159irozen\u011b pat\u0159\u00ed k&nbsp;tomuto m\u00edstu.<\/p>\n<p style=\"text-align: center\"><strong>Mus\u00edte si vyb\u00edrat mezi pohodl\u00edm a&nbsp;stylem? Nemus\u00edte.<\/strong>\u00a0U n\u00e1s dostanete oboj\u00ed. Tradi\u010dn\u00ed prvky jsme propojili s&nbsp;\u010dist\u00fdm, modern\u00edm designem a&nbsp;vytvo\u0159ili prostory, kde se budete c\u00edtit p\u0159irozen\u011b dob\u0159e \u2013 a\u0165 u\u017e jste p\u0159ijeli na\u00a0<strong>romantick\u00fd v\u00edkend<\/strong>,\u00a0<strong>rodinn\u00fd pobyt<\/strong>\u00a0nebo\u00a0<strong>firemn\u00ed setk\u00e1n\u00ed v&nbsp;klidn\u00e9m prost\u0159ed\u00ed Koko\u0159\u00ednska<\/strong>.<\/p>\n<p style=\"text-align: center\">A kdy\u017e v\u00e1s unav\u00ed cykloturistika, turistick\u00e9 stezky nebo spole\u010dn\u00fd program, vr\u00e1t\u00edte se do pokoje, kde v\u00e1s \u010dek\u00e1\u00a0<strong>pohodln\u00e1 postel, hork\u00e1 sprcha a&nbsp;jen p\u00e1r krok\u016f od v\u00e1s \u0161um\u011bn\u00ed na\u0161\u00ed zahrady<\/strong>.<\/p>\n<\/div>\r\n<\/div>\r\n<\/div><\/div><\/div><\/div><\/div><div id=\"pg-6180-1\"  class=\"panel-grid panel-has-style\" ><div class=\"panel-row-style-default panel-row-width-default panel-row-padding-small panel-row-style panel-row-style-for-6180-1\" ><div id=\"pgc-6180-1-0\"  class=\"panel-grid-cell\" ><div id=\"panel-6180-1-0-0\" class=\"so-panel widget_wpa9-cta-image-group panel-first-child panel-last-child\" data-index=\"1\" ><div\n\t\t\t\n\t\t\tclass=\"so-widget-wpa9-cta-image-group so-widget-wpa9-cta-image-group-default-c93e1481a745-6180\"\n\t\t\t\n\t\t><div class=\"wpa9-cta-image-group _HSswho d-flex flex-wrap justify-content-center wpa9-columns-2\" id=\"wpa9-cta-image-group_HSswho\">\r\n\t\r\n\t\r\n\t\r\n\t<div class=\"wpa9-panel carousel-cell cell-0 carousel-cell-HSswho\">\r\n\r\n\t\t<a href=\"https:\/\/homutuvstatek.cz\/ubytovani\/pokoje\/\" title=\"Prohl\u00e9dn\u011bte si na\u0161e pokoje.\" class=\"wpa9-cta-image-group-wrapper d-flex flex-column justify-content-between\">\r\n\r\n\t\t\t<div class=\"wpa9-cta-image-group-content container order-2 d-flex flex-row justify-content-start\">\r\n\r\n\t\t\t\t<h2 class=\"wpa9-cta-image-group-title\"><span>Prohl\u00e9dn\u011bte si na\u0161e pokoje.<\/span><\/h2>\r\n\r\n\t\t\t<\/div>\r\n\r\n\t\t\t<div class=\"wpa9-cta-image-group-image wpa9-cta-image-group-image-0  order-1\">\r\n\t\t\t\t\t\t\t<span><\/span>\r\n\t\t\t<\/div>\r\n\r\n\t\t\t<style>\r\n\t\t\t\t.carousel-cell-HSswho .wpa9-cta-image-group-image-0 {\r\n\t\t\t\t\tbackground-image: url('https:\/\/homutuvstatek.cz\/wp-content\/uploads\/2025\/04\/homutuv-statek_pokoj-1_6977.jpg');\r\n\t\t\t\t}\r\n\t\t\t<\/style>\r\n\r\n\t\t<\/a>\r\n\t\t<!-- wpa9-cta-image-group-wrapper -->\r\n\r\n\t\t<\/div>\r\n\r\n\t\t\r\n\t\r\n\t<div class=\"wpa9-panel carousel-cell cell-1 carousel-cell-HSswho\">\r\n\r\n\t\t<a href=\"https:\/\/homutuvstatek.cz\/ubytovani\/apartmany\/\" title=\"P\u0159ejete si apartm\u00e1n s kuchy\u0148kou?\" class=\"wpa9-cta-image-group-wrapper d-flex flex-column justify-content-between\">\r\n\r\n\t\t\t<div class=\"wpa9-cta-image-group-content container order-2 d-flex flex-row justify-content-start\">\r\n\r\n\t\t\t\t<h2 class=\"wpa9-cta-image-group-title\"><span>P\u0159ejete si apartm\u00e1n s&nbsp;kuchy\u0148kou?<\/span><\/h2>\r\n\r\n\t\t\t<\/div>\r\n\r\n\t\t\t<div class=\"wpa9-cta-image-group-image wpa9-cta-image-group-image-1  order-1\">\r\n\t\t\t\t\t\t\t<span><\/span>\r\n\t\t\t<\/div>\r\n\r\n\t\t\t<style>\r\n\t\t\t\t.carousel-cell-HSswho .wpa9-cta-image-group-image-1 {\r\n\t\t\t\t\tbackground-image: url('https:\/\/homutuvstatek.cz\/wp-content\/uploads\/2025\/04\/homutuv-statek_apartman-velky-rodinny_7503.jpg');\r\n\t\t\t\t}\r\n\t\t\t<\/style>\r\n\r\n\t\t<\/a>\r\n\t\t<!-- wpa9-cta-image-group-wrapper -->\r\n\r\n\t\t<\/div>\r\n\r\n\t\t\r\n\t\r\n\t<div class=\"wpa9-panel carousel-cell cell-2 carousel-cell-HSswho\">\r\n\r\n\t\t<a href=\"https:\/\/homutuvstatek.cz\/ubytovani\/lesni-tiny-house\/\" title=\"Lesn\u00ed tiny house\" class=\"wpa9-cta-image-group-wrapper d-flex flex-column justify-content-between\">\r\n\r\n\t\t\t<div class=\"wpa9-cta-image-group-content container order-2 d-flex flex-row justify-content-start\">\r\n\r\n\t\t\t\t<h2 class=\"wpa9-cta-image-group-title\"><span>Lesn\u00ed tiny house<\/span><\/h2>\r\n\r\n\t\t\t<\/div>\r\n\r\n\t\t\t<div class=\"wpa9-cta-image-group-image wpa9-cta-image-group-image-2  order-1\">\r\n\t\t\t\t\t\t\t<span><\/span>\r\n\t\t\t<\/div>\r\n\r\n\t\t\t<style>\r\n\t\t\t\t.carousel-cell-HSswho .wpa9-cta-image-group-image-2 {\r\n\t\t\t\t\tbackground-image: url('https:\/\/homutuvstatek.cz\/wp-content\/uploads\/2025\/04\/homutuv-statek-1321.jpg');\r\n\t\t\t\t}\r\n\t\t\t<\/style>\r\n\r\n\t\t<\/a>\r\n\t\t<!-- wpa9-cta-image-group-wrapper -->\r\n\r\n\t\t<\/div>\r\n\r\n\t\t\r\n<\/div>\r\n<!-- wpa9-cta-image-group -->\r\n<\/div><\/div><\/div><\/div><\/div><div id=\"pg-6180-2\"  class=\"panel-grid panel-has-style\" ><div class=\"siteorigin-panels-stretch panel-row-style-default panel-row-width-default panel-row-padding-normal panel-row-style panel-row-style-for-6180-2\" data-stretch-type=\"full\" ><div id=\"pgc-6180-2-0\"  class=\"panel-grid-cell\" ><div id=\"panel-6180-2-0-0\" class=\"so-panel widget_wpa9-icon-grid panel-first-child\" data-index=\"2\" ><div\n\t\t\t\n\t\t\tclass=\"so-widget-wpa9-icon-grid so-widget-wpa9-icon-grid-default-c93e1481a745-6180\"\n\t\t\t\n\t\t><!-- .wpa9-gallery-image-container -->\r\n<div class=\"wpa9-icon-grid-container\">\r\n<div class=\"wpa9-icon-grid wpa9-icon-grid-\"><div class=\"icon-item icon-item-0\"><div class=\"icon-image\"><img decoding=\"async\" src=\"https:\/\/homutuvstatek.cz\/wp-content\/uploads\/2025\/06\/icon-pocket-mc.svg\" alt=\"\" class=\"\" \/><\/div><div class=\"icon-label\">Garance nejni\u017e\u0161\u00ed ceny<\/div><\/div><div class=\"icon-item icon-item-1\"><div class=\"icon-image\"><img decoding=\"async\" src=\"https:\/\/homutuvstatek.cz\/wp-content\/uploads\/2025\/06\/icon-best-value-mc.svg\" alt=\"\" class=\"\" \/><\/div><div class=\"icon-label\">V\u00fdhodn\u00e9 bal\u00ed\u010dky pouze na na\u0161em webu<\/div><\/div><div class=\"icon-item icon-item-2\"><div class=\"icon-image\"><img decoding=\"async\" src=\"https:\/\/homutuvstatek.cz\/wp-content\/uploads\/2025\/06\/icon-confirmation-mc.svg\" alt=\"\" class=\"\" \/><\/div><div class=\"icon-label\">Potvrzen\u00ed rezervace<\/div><\/div><div class=\"icon-item icon-item-3\"><div class=\"icon-image\"><img decoding=\"async\" src=\"https:\/\/homutuvstatek.cz\/wp-content\/uploads\/2025\/06\/icon-fksp-mc.svg\" alt=\"\" class=\"\" \/><\/div><div class=\"icon-label\">\u00dahrady p\u0159es FKSP<\/div><\/div><div class=\"icon-item icon-item-4\"><div class=\"icon-image\"><img decoding=\"async\" src=\"https:\/\/homutuvstatek.cz\/wp-content\/uploads\/2025\/06\/icon-voucher-mc.svg\" alt=\"\" class=\"\" \/><\/div><div class=\"icon-label\">Snadn\u00fd n\u00e1kup a&nbsp;uplatn\u011bn\u00ed d\u00e1rkov\u00fdch poukaz\u016f<\/div><\/div><\/div><style>\r\n    .wpa9-icon-grid .icon-item {\r\n      width: 102px;\r\n    }\r\n    .wpa9-icon-grid .icon-image {\r\n      width: 78px;\r\n      height: 78px;\r\n    }\r\n    .wpa9-icon-grid .icon-item {\r\n      margin: 0 24px;\r\n    }\r\n    <\/style>\r\n<\/div>\r\n<!-- \/wpa9-gallery-image-container -->\r\n<\/div><\/div><div id=\"panel-6180-2-0-1\" class=\"so-panel widget_sow-editor panel-last-child color-layout-dark width-normal\" data-index=\"3\" ><div\n\t\t\t\n\t\t\tclass=\"so-widget-sow-editor so-widget-sow-editor-base\"\n\t\t\t\n\t\t>\n\n<div class=\"siteorigin-widget-tinymce textwidget\">\n\t<p style=\"text-align: center;\">Amazing places gift vouchers can only be redeemed by booking by phone or by contacting us by email.<\/p>\n<p><\/p>\n<\/div>\n<\/div><\/div><\/div><\/div><\/div><div id=\"pg-6180-3\"  class=\"panel-grid panel-has-style\" ><div class=\"panel-row-style-default panel-row-width-default panel-row-padding-none panel-row-style panel-row-style-for-6180-3\" ><div id=\"pgc-6180-3-0\"  class=\"panel-grid-cell\" ><div id=\"panel-6180-3-0-0\" class=\"so-panel widget_wpa9-image-hero panel-first-child panel-last-child\" data-index=\"4\" ><div\n\t\t\t\n\t\t\tclass=\"so-widget-wpa9-image-hero so-widget-wpa9-image-hero-base\"\n\t\t\t\n\t\t>\r\n\r\n\r\r\n<div class=\"wpa9-image-hero-container\">\r\r\n\r\r\n  \r\n\r\r\n    \r\n\r\r\n  <div class=\"parallax-container\" style=\"height:576px\"\">\r\r\n    <img decoding=\"async\" class=\"parallax-image\" src=\"https:\/\/homutuvstatek.cz\/wp-content\/uploads\/2024\/01\/homutuv-statek_penzion_8204.jpg\" \/>\r\r\n    <div class=\"parallax-content wpa9-image-hero-content container vtop\">\r\r\n      <div class=\"wpa9-image-hero-inner light \"><h3>Pro\u010dist\u011bte si hlavu jen n\u011bkolik krok\u016f<br \/>\nod dve\u0159\u00ed va\u0161eho pokoje \u010di&nbsp;apartm\u00e1nu,<br \/>\nnebo vyra\u017ete na objevovat kr\u00e1sy okol\u00ed<\/h3>\n<p><strong><a href=\"#\">Tipy na v\u00fdlety i&nbsp;jin\u00e9 aktivity<\/a><\/strong><\/p>\n<\/div>\r\r\n    <\/div>\r\r\n  <\/div>\r\r\n  \r\n\r\r\n  <script>\r\r\n    const parallaxImage = document.querySelector('.parallax-image');\r\r\n\r\r\n    window.addEventListener('scroll', () => {\r\r\n      const scrollY = window.scrollY;\r\r\n      const offset = scrollY * -0.1; \/\/ men\u0161\u00ed hodnota = jemn\u011bj\u0161\u00ed efekt\r\r\n      parallaxImage.style.transform = 'translateY('+offset+'px)';\r\r\n    });\r\r\n\r\r\n    parallaxImage.setAttribute('style','height: 763.2px');\r\r\n    parallaxImage.setAttribute('style','top: 10%');\r\r\n\r\r\n  <\/script>\r\r\n\r\r\n\r\r\n<\/div>\r\r\n<\/div><\/div><\/div><\/div><\/div><div id=\"pg-6180-4\"  class=\"panel-grid panel-has-style\" ><div class=\"siteorigin-panels-stretch panel-row-style-default panel-row-width-default panel-row-padding-normal panel-row-style panel-row-style-for-6180-4\" data-stretch-type=\"full\" ><div id=\"pgc-6180-4-0\"  class=\"panel-grid-cell\" ><div id=\"panel-6180-4-0-0\" class=\"so-panel widget_hmst-packages widget-posts panel-first-child panel-last-child\" data-index=\"5\" ><div\n\t\t\t\n\t\t\tclass=\"so-widget-hmst-packages so-widget-hmst-packages-base\"\n\t\t\t\n\t\t><h2 class=\"widget-title text-center\"><span>Pobytov\u00e9 bal\u00ed\u010dky<\/span><\/h2>\n\n  <div class=\"row offers-wrapper packages-layout-light\">\n\n        <!-- article -->\n    <article class=\"col col-12 col-md-6 col-lg-4 offer-item post-6272 hs__cpt_offers type-hs__cpt_offers status-publish has-post-thumbnail hentry\" id=\"post-6272\">\n      <a href=\"#book\" class=\"offer-link\" onclick=\"Booking.Open({OfferID:531460}); return false;\" title=\"AUTUMN HOLIDAYS 24.-29.10.2025&nbsp;15% discount\">\n\n        \n        \n\t\t\t\t<figure class=\"post-thumbnail offer-thumbnail custom-ratio r3x2\">\n\t\t\t\t\t<img decoding=\"async\" src=\"https:\/\/homutuvstatek.cz\/wp-content\/uploads\/2023\/07\/istock-664074806_1-scaled-1-420x280.jpg\" alt=\"Happy extended family throwing leaves around\" \/>\n\t\t\t\t<\/figure>\n\n\t\t\t\t\n        <div class=\"post-content offer-content d-flex flex-column justify-content-between\">\n\n          <h2 class=\"offer-title\">AUTUMN HOLIDAYS 24.-29.10.2025&nbsp;15% discount<\/h2>\n          <div class=\"offer-price\"><span class=\"offer-price-per\">Price from:<\/span> 890 CZK <span class=\"offer-price-per\">osobu\/noc se sn\u00eddan\u00ed<\/span><\/div>\n\n        <\/div>\n\n      <\/a>\n    <\/article>\n    <!-- \/article -->\n        <!-- article -->\n    <article class=\"col col-12 col-md-6 col-lg-4 offer-item post-6262 hs__cpt_offers type-hs__cpt_offers status-publish has-post-thumbnail hentry\" id=\"post-6262\">\n      <a href=\"#book\" class=\"offer-link\" onclick=\"Booking.Open({OfferID:496196}); return false;\" title=\"SUMMER HOLIDAYS 2025 &#8211; 15% DISCOUNT for min 4 nights with breakfast!\">\n\n        \n        \n\t\t\t\t<figure class=\"post-thumbnail offer-thumbnail custom-ratio r3x2\">\n\t\t\t\t\t<img decoding=\"async\" src=\"https:\/\/homutuvstatek.cz\/wp-content\/uploads\/2024\/01\/prazdniny-420x280.jpg\" alt=\"Group of school children with teacher on field trip in nature, learning science.\" \/>\n\t\t\t\t<\/figure>\n\n\t\t\t\t\n        <div class=\"post-content offer-content d-flex flex-column justify-content-between\">\n\n          <h2 class=\"offer-title\">SUMMER HOLIDAYS 2025 &#8211; 15% DISCOUNT for min 4 nights with breakfast!<\/h2>\n          <div class=\"offer-price\"><span class=\"offer-price-per\">Price from:<\/span> 870 CZK <span class=\"offer-price-per\">osobu\/noc se sn\u00eddan\u00ed<\/span><\/div>\n\n        <\/div>\n\n      <\/a>\n    <\/article>\n    <!-- \/article -->\n        <!-- article -->\n    <article class=\"col col-12 col-md-6 col-lg-4 offer-item post-6258 hs__cpt_offers type-hs__cpt_offers status-publish has-post-thumbnail hentry\" id=\"post-6258\">\n      <a href=\"#book\" class=\"offer-link\" onclick=\"Booking.Open({OfferID:496236}); return false;\" title=\"SUMMER HOLIDAY 2025 &#8211; discounted stay for 3 nights!!!\">\n\n        \n        \n\t\t\t\t<figure class=\"post-thumbnail offer-thumbnail custom-ratio r3x2\">\n\t\t\t\t\t<img decoding=\"async\" src=\"https:\/\/homutuvstatek.cz\/wp-content\/uploads\/2022\/05\/homutuv-statek_kokorinsko_7757-1-420x280.jpg\" alt=\"Homutuv-statek-Kokorinsko-7757\" \/>\n\t\t\t\t<\/figure>\n\n\t\t\t\t\n        <div class=\"post-content offer-content d-flex flex-column justify-content-between\">\n\n          <h2 class=\"offer-title\">SUMMER HOLIDAY 2025 &#8211; discounted stay for 3 nights!!!<\/h2>\n          <div class=\"offer-price\"><span class=\"offer-price-per\">Price from:<\/span> 950 CZK <span class=\"offer-price-per\">osobu\/noc se sn\u00eddan\u00ed<\/span><\/div>\n\n        <\/div>\n\n      <\/a>\n    <\/article>\n    <!-- \/article -->\n    \n  <\/div>\n\n\n      <div class=\"meta meta-more d-flex justify-content-center\">\n        <a class=\"button\" href=\"https:\/\/homutuvstatek.cz\/pobytove-balicky\/\" title=\"Dal\u0161\u00ed pobytov\u00e9 bal\u00ed\u010dky\">Dal\u0161\u00ed pobytov\u00e9 bal\u00ed\u010dky<\/a>\n      <\/div>\n    <\/div><\/div><\/div><\/div><\/div><\/div>","protected":false},"excerpt":{"rendered":"","protected":false},"author":1,"featured_media":0,"parent":0,"menu_order":0,"comment_status":"closed","ping_status":"open","template":"","meta":{"_acf_changed":false,"footnotes":""},"class_list":["post-6180","page","type-page","status-publish","hentry"],"acf":[],"_links":{"self":[{"href":"https:\/\/homutuvstatek.cz\/en\/wp-json\/wp\/v2\/pages\/6180","targetHints":{"allow":["GET"]}}],"collection":[{"href":"https:\/\/homutuvstatek.cz\/en\/wp-json\/wp\/v2\/pages"}],"about":[{"href":"https:\/\/homutuvstatek.cz\/en\/wp-json\/wp\/v2\/types\/page"}],"author":[{"embeddable":true,"href":"https:\/\/homutuvstatek.cz\/en\/wp-json\/wp\/v2\/users\/1"}],"replies":[{"embeddable":true,"href":"https:\/\/homutuvstatek.cz\/en\/wp-json\/wp\/v2\/comments?post=6180"}],"version-history":[{"count":1,"href":"https:\/\/homutuvstatek.cz\/en\/wp-json\/wp\/v2\/pages\/6180\/revisions"}],"predecessor-version":[{"id":6192,"href":"https:\/\/homutuvstatek.cz\/en\/wp-json\/wp\/v2\/pages\/6180\/revisions\/6192"}],"wp:attachment":[{"href":"https:\/\/homutuvstatek.cz\/en\/wp-json\/wp\/v2\/media?parent=6180"}],"curies":[{"name":"wp","href":"https:\/\/api.w.org\/{rel}","templated":true}]}}