{"id":6796,"date":"2025-04-13T17:36:31","date_gmt":"2025-04-13T15:36:31","guid":{"rendered":"https:\/\/homutuvstatek.cz\/unterkunft\/zimmer\/"},"modified":"2025-12-19T15:08:32","modified_gmt":"2025-12-19T14:08:32","slug":"zimmer","status":"publish","type":"page","link":"https:\/\/homutuvstatek.cz\/de\/unterkunft\/zimmer\/","title":{"rendered":"Zimmer"},"content":{"rendered":"<div id=\"pl-6796\"  class=\"panel-layout\" ><div id=\"pg-6796-0\"  class=\"panel-grid panel-has-style\" ><div class=\"panel-row-style-default panel-row-width-default panel-row-padding-normal panel-row-style panel-row-style-for-6796-0\" ><div id=\"pgc-6796-0-0\"  class=\"panel-grid-cell\" ><div id=\"panel-6796-0-0-0\" class=\"so-panel widget_wpa9-headline panel-first-child panel-last-child\" data-index=\"0\" ><div\n\t\t\t\n\t\t\tclass=\"so-widget-wpa9-headline so-widget-wpa9-headline-default-c93e1481a745-6796\"\n\t\t\t\n\t\t><div class=\"wpa9-headline-container sow-headline-container\">\r\n<h3 class=\"wpa9-headline-title sow-headline wpa9-headline-center c-dark\">Jedes unserer 7 originellen Zimmer hat seinen eigenen Stil und seine eigene Kapazit\u00e4t - sehen Sie sich um und w\u00e4hlen Sie das richtige aus<\/h3>\r\n<\/div>\r\n<\/div><\/div><\/div><\/div><\/div><div id=\"pg-6796-1\"  class=\"panel-grid panel-has-style\" ><div class=\"panel-row-style-default panel-row-width-default panel-row-padding-none panel-row-style panel-row-style-for-6796-1\" ><div id=\"pgc-6796-1-0\"  class=\"panel-grid-cell\" ><div id=\"panel-6796-1-0-0\" class=\"so-panel widget_hmst-facilities widget-posts panel-first-child panel-last-child\" data-index=\"1\" ><div\n\t\t\t\n\t\t\tclass=\"so-widget-hmst-facilities so-widget-hmst-facilities-default-c93e1481a745-6796\"\n\t\t\t\n\t\t>\n  <div class=\"wpa9-hmst-facilities\">\n\n        <article class=\"wpa9-hmst-facilities-item post-4109 hs__cpt_facility type-hs__cpt_facility status-publish has-post-thumbnail hentry\" id=\"post-4109\">\n\n      <a class=\"wpa9-hmst-facilities-item-link\" href=\"https:\/\/homutuvstatek.cz\/hs_facility\/dvouluzkovy-pokoj\/\">\n\n        <div class=\"wpa9-hmst-facilities-item-bg-image bg-image\"><\/div>\n      <h2 class=\"wpa9-hmst-facilty-title\">Dvoul\u016f\u017ekov\u00fd pokoj<\/h2>\n\n      <div class=\"wpa9-hmst-facilty-meta d-flex flex-column flex-md-row justify-content-between\">\n\n        <div class=\"wpa9-hmst-facilty-meta-buttons order-2 d-flex flex-row justify-content-md-end\">\n          <button href=\"https:\/\/homutuvstatek.cz\/hs_facility\/dvouluzkovy-pokoj\/\" class=\"btn btn-light-transparent\" title=\"Detail pokoje\">Room detail<\/button>\n          <button href=\"#book\" class=\"btn btn-dark-transparent\" onclick=\"Booking.Open({RoomID:118786}); return false;\" title=\"Rezervovat\">Book<\/button>\n        <\/div>\n\n        <div class=\"wpa9-hmst-facilty-meta-info order-1 d-flex flex-row justify-content-start align-items-center\">\n          <div class=\"wpa9-hmst-facilty-meta-size\">Room size: 27&nbsp;m<sup>2<\/sup><\/div>\n          <div class=\"wpa9-hmst-facilty-meta-capacity\">Max. number of persons: 2<\/div>\n        <\/div>\n\n\n      <\/div>\n\n    <\/a>\n\n\n    <style>\n    \t\t#post-4109 .wpa9-hmst-facilities-item-bg-image {\n    \t\t\tbackground-image: url('https:\/\/homutuvstatek.cz\/wp-content\/uploads\/2025\/04\/homutuv-statek_pokoj-6_7151.jpg');\n    \t\t}\n    \t\t<\/style>\n    <\/article>\n      <article class=\"wpa9-hmst-facilities-item post-4108 hs__cpt_facility type-hs__cpt_facility status-publish has-post-thumbnail hentry\" id=\"post-4108\">\n\n      <a class=\"wpa9-hmst-facilities-item-link\" href=\"https:\/\/homutuvstatek.cz\/hs_facility\/dvouluzkovy-pokoj-velky\/\">\n\n        <div class=\"wpa9-hmst-facilities-item-bg-image bg-image\"><\/div>\n      <h2 class=\"wpa9-hmst-facilty-title\">Dvoul\u016f\u017ekov\u00fd pokoj velk\u00fd<\/h2>\n\n      <div class=\"wpa9-hmst-facilty-meta d-flex flex-column flex-md-row justify-content-between\">\n\n        <div class=\"wpa9-hmst-facilty-meta-buttons order-2 d-flex flex-row justify-content-md-end\">\n          <button href=\"https:\/\/homutuvstatek.cz\/hs_facility\/dvouluzkovy-pokoj-velky\/\" class=\"btn btn-light-transparent\" title=\"Detail pokoje\">Room detail<\/button>\n          <button href=\"#book\" class=\"btn btn-dark-transparent\" onclick=\"Booking.Open({RoomID:118784}); return false;\" title=\"Rezervovat\">Book<\/button>\n        <\/div>\n\n        <div class=\"wpa9-hmst-facilty-meta-info order-1 d-flex flex-row justify-content-start align-items-center\">\n          <div class=\"wpa9-hmst-facilty-meta-size\">Room size: 41&nbsp;m<sup>2<\/sup><\/div>\n          <div class=\"wpa9-hmst-facilty-meta-capacity\">Max. number of persons: 3<\/div>\n        <\/div>\n\n\n      <\/div>\n\n    <\/a>\n\n\n    <style>\n    \t\t#post-4108 .wpa9-hmst-facilities-item-bg-image {\n    \t\t\tbackground-image: url('https:\/\/homutuvstatek.cz\/wp-content\/uploads\/2025\/04\/homutuv-statek_pokoj-5_7135.jpg');\n    \t\t}\n    \t\t<\/style>\n    <\/article>\n      <article class=\"wpa9-hmst-facilities-item post-4110 hs__cpt_facility type-hs__cpt_facility status-publish has-post-thumbnail hentry\" id=\"post-4110\">\n\n      <a class=\"wpa9-hmst-facilities-item-link\" href=\"https:\/\/homutuvstatek.cz\/hs_facility\/dvouluzkovy-pokoj-romanticky\/\">\n\n        <div class=\"wpa9-hmst-facilities-item-bg-image bg-image\"><\/div>\n      <h2 class=\"wpa9-hmst-facilty-title\">Dvoul\u016f\u017ekov\u00fd pokoj romantick\u00fd<\/h2>\n\n      <div class=\"wpa9-hmst-facilty-meta d-flex flex-column flex-md-row justify-content-between\">\n\n        <div class=\"wpa9-hmst-facilty-meta-buttons order-2 d-flex flex-row justify-content-md-end\">\n          <button href=\"https:\/\/homutuvstatek.cz\/hs_facility\/dvouluzkovy-pokoj-romanticky\/\" class=\"btn btn-light-transparent\" title=\"Detail pokoje\">Room detail<\/button>\n          <button href=\"#book\" class=\"btn btn-dark-transparent\" onclick=\"Booking.Open({RoomID:118788}); return false;\" title=\"Rezervovat\">Book<\/button>\n        <\/div>\n\n        <div class=\"wpa9-hmst-facilty-meta-info order-1 d-flex flex-row justify-content-start align-items-center\">\n          <div class=\"wpa9-hmst-facilty-meta-size\">Room size: 24&nbsp;m<sup>2<\/sup><\/div>\n          <div class=\"wpa9-hmst-facilty-meta-capacity\">Max. number of persons: 2<\/div>\n        <\/div>\n\n\n      <\/div>\n\n    <\/a>\n\n\n    <style>\n    \t\t#post-4110 .wpa9-hmst-facilities-item-bg-image {\n    \t\t\tbackground-image: url('https:\/\/homutuvstatek.cz\/wp-content\/uploads\/2025\/04\/homutuv-statek_pokoj-romanticky_7372.jpg');\n    \t\t}\n    \t\t<\/style>\n    <\/article>\n      <article class=\"wpa9-hmst-facilities-item post-4063 hs__cpt_facility type-hs__cpt_facility status-publish has-post-thumbnail hentry\" id=\"post-4063\">\n\n      <a class=\"wpa9-hmst-facilities-item-link\" href=\"https:\/\/homutuvstatek.cz\/hs_facility\/mezonetovy-pokoj-1\/\">\n\n        <div class=\"wpa9-hmst-facilities-item-bg-image bg-image\"><\/div>\n      <h2 class=\"wpa9-hmst-facilty-title\">Mezonetov\u00fd pokoj #1<\/h2>\n\n      <div class=\"wpa9-hmst-facilty-meta d-flex flex-column flex-md-row justify-content-between\">\n\n        <div class=\"wpa9-hmst-facilty-meta-buttons order-2 d-flex flex-row justify-content-md-end\">\n          <button href=\"https:\/\/homutuvstatek.cz\/hs_facility\/mezonetovy-pokoj-1\/\" class=\"btn btn-light-transparent\" title=\"Detail pokoje\">Room detail<\/button>\n          <button href=\"#book\" class=\"btn btn-dark-transparent\" onclick=\"Booking.Open({RoomID:118776}); return false;\" title=\"Rezervovat\">Book<\/button>\n        <\/div>\n\n        <div class=\"wpa9-hmst-facilty-meta-info order-1 d-flex flex-row justify-content-start align-items-center\">\n          <div class=\"wpa9-hmst-facilty-meta-size\">Room size: 57&nbsp;m<sup>2<\/sup><\/div>\n          <div class=\"wpa9-hmst-facilty-meta-capacity\">Max. number of persons: 6<\/div>\n        <\/div>\n\n\n      <\/div>\n\n    <\/a>\n\n\n    <style>\n    \t\t#post-4063 .wpa9-hmst-facilities-item-bg-image {\n    \t\t\tbackground-image: url('https:\/\/homutuvstatek.cz\/wp-content\/uploads\/2025\/04\/homutuv-statek_pokoj-1_6977.jpg');\n    \t\t}\n    \t\t<\/style>\n    <\/article>\n      <article class=\"wpa9-hmst-facilities-item post-4067 hs__cpt_facility type-hs__cpt_facility status-publish has-post-thumbnail hentry\" id=\"post-4067\">\n\n      <a class=\"wpa9-hmst-facilities-item-link\" href=\"https:\/\/homutuvstatek.cz\/hs_facility\/mezonetovy-pokoj-2\/\">\n\n        <div class=\"wpa9-hmst-facilities-item-bg-image bg-image\"><\/div>\n      <h2 class=\"wpa9-hmst-facilty-title\">Mezonetov\u00fd pokoj #2<\/h2>\n\n      <div class=\"wpa9-hmst-facilty-meta d-flex flex-column flex-md-row justify-content-between\">\n\n        <div class=\"wpa9-hmst-facilty-meta-buttons order-2 d-flex flex-row justify-content-md-end\">\n          <button href=\"https:\/\/homutuvstatek.cz\/hs_facility\/mezonetovy-pokoj-2\/\" class=\"btn btn-light-transparent\" title=\"Detail pokoje\">Room detail<\/button>\n          <button href=\"#book\" class=\"btn btn-dark-transparent\" onclick=\"Booking.Open({RoomID:118778}); return false;\" title=\"Rezervovat\">Book<\/button>\n        <\/div>\n\n        <div class=\"wpa9-hmst-facilty-meta-info order-1 d-flex flex-row justify-content-start align-items-center\">\n          <div class=\"wpa9-hmst-facilty-meta-size\">Room size: 56&nbsp;m<sup>2<\/sup><\/div>\n          <div class=\"wpa9-hmst-facilty-meta-capacity\">Max. number of persons: 4<\/div>\n        <\/div>\n\n\n      <\/div>\n\n    <\/a>\n\n\n    <style>\n    \t\t#post-4067 .wpa9-hmst-facilities-item-bg-image {\n    \t\t\tbackground-image: url('https:\/\/homutuvstatek.cz\/wp-content\/uploads\/2025\/04\/homutuv-statek_pokoj-2_8397.jpg');\n    \t\t}\n    \t\t<\/style>\n    <\/article>\n      <article class=\"wpa9-hmst-facilities-item post-4102 hs__cpt_facility type-hs__cpt_facility status-publish has-post-thumbnail hentry\" id=\"post-4102\">\n\n      <a class=\"wpa9-hmst-facilities-item-link\" href=\"https:\/\/homutuvstatek.cz\/hs_facility\/mezonetovy-pokoj-3\/\">\n\n        <div class=\"wpa9-hmst-facilities-item-bg-image bg-image\"><\/div>\n      <h2 class=\"wpa9-hmst-facilty-title\">Mezonetov\u00fd pokoj #3<\/h2>\n\n      <div class=\"wpa9-hmst-facilty-meta d-flex flex-column flex-md-row justify-content-between\">\n\n        <div class=\"wpa9-hmst-facilty-meta-buttons order-2 d-flex flex-row justify-content-md-end\">\n          <button href=\"https:\/\/homutuvstatek.cz\/hs_facility\/mezonetovy-pokoj-3\/\" class=\"btn btn-light-transparent\" title=\"Detail pokoje\">Room detail<\/button>\n          <button href=\"#book\" class=\"btn btn-dark-transparent\" onclick=\"Booking.Open({RoomID:118780}); return false;\" title=\"Rezervovat\">Book<\/button>\n        <\/div>\n\n        <div class=\"wpa9-hmst-facilty-meta-info order-1 d-flex flex-row justify-content-start align-items-center\">\n          <div class=\"wpa9-hmst-facilty-meta-size\">Room size: 57&nbsp;m<sup>2<\/sup><\/div>\n          <div class=\"wpa9-hmst-facilty-meta-capacity\">Max. number of persons: 6<\/div>\n        <\/div>\n\n\n      <\/div>\n\n    <\/a>\n\n\n    <style>\n    \t\t#post-4102 .wpa9-hmst-facilities-item-bg-image {\n    \t\t\tbackground-image: url('https:\/\/homutuvstatek.cz\/wp-content\/uploads\/2025\/04\/homutuv-statek_pokoj-3_7041.jpg');\n    \t\t}\n    \t\t<\/style>\n    <\/article>\n      <article class=\"wpa9-hmst-facilities-item post-4103 hs__cpt_facility type-hs__cpt_facility status-publish has-post-thumbnail hentry\" id=\"post-4103\">\n\n      <a class=\"wpa9-hmst-facilities-item-link\" href=\"https:\/\/homutuvstatek.cz\/hs_facility\/mezonetovy-pokoj-4\/\">\n\n        <div class=\"wpa9-hmst-facilities-item-bg-image bg-image\"><\/div>\n      <h2 class=\"wpa9-hmst-facilty-title\">Mezonetov\u00fd pokoj #4<\/h2>\n\n      <div class=\"wpa9-hmst-facilty-meta d-flex flex-column flex-md-row justify-content-between\">\n\n        <div class=\"wpa9-hmst-facilty-meta-buttons order-2 d-flex flex-row justify-content-md-end\">\n          <button href=\"https:\/\/homutuvstatek.cz\/hs_facility\/mezonetovy-pokoj-4\/\" class=\"btn btn-light-transparent\" title=\"Detail pokoje\">Room detail<\/button>\n          <button href=\"#book\" class=\"btn btn-dark-transparent\" onclick=\"Booking.Open({RoomID:118782}); return false;\" title=\"Rezervovat\">Book<\/button>\n        <\/div>\n\n        <div class=\"wpa9-hmst-facilty-meta-info order-1 d-flex flex-row justify-content-start align-items-center\">\n          <div class=\"wpa9-hmst-facilty-meta-size\">Room size: 43&nbsp;m<sup>2<\/sup><\/div>\n          <div class=\"wpa9-hmst-facilty-meta-capacity\">Max. number of persons: 4<\/div>\n        <\/div>\n\n\n      <\/div>\n\n    <\/a>\n\n\n    <style>\n    \t\t#post-4103 .wpa9-hmst-facilities-item-bg-image {\n    \t\t\tbackground-image: url('https:\/\/homutuvstatek.cz\/wp-content\/uploads\/2025\/04\/homutuv-statek_pokoj-4_7092.jpg');\n    \t\t}\n    \t\t<\/style>\n    <\/article>\n  \n  <\/div>\n\n  <\/div><\/div><\/div><\/div><\/div><div id=\"pg-6796-2\"  class=\"panel-grid panel-has-style\" ><div class=\"siteorigin-panels-stretch panel-row-style-default panel-row-width-default panel-row-padding-normal panel-row-style panel-row-style-for-6796-2\" data-stretch-type=\"full\" ><div id=\"pgc-6796-2-0\"  class=\"panel-grid-cell\" ><div id=\"panel-6796-2-0-0\" class=\"so-panel widget_wpa9-icon-grid panel-first-child\" data-index=\"2\" ><div\n\t\t\t\n\t\t\tclass=\"so-widget-wpa9-icon-grid so-widget-wpa9-icon-grid-default-c93e1481a745-6796\"\n\t\t\t\n\t\t><!-- .wpa9-gallery-image-container -->\r\n<div class=\"wpa9-icon-grid-container\">\r\n<div class=\"wpa9-icon-grid wpa9-icon-grid-\"><div class=\"icon-item icon-item-0\"><div class=\"icon-image\"><img decoding=\"async\" src=\"https:\/\/homutuvstatek.cz\/wp-content\/uploads\/2025\/06\/icon-pocket.svg\" alt=\"\" class=\"\" \/><\/div><div class=\"icon-label\">Tiefstpreisgarantie<\/div><\/div><div class=\"icon-item icon-item-1\"><div class=\"icon-image\"><img decoding=\"async\" src=\"https:\/\/homutuvstatek.cz\/wp-content\/uploads\/2025\/06\/icon-best-value.svg\" alt=\"\" class=\"\" \/><\/div><div class=\"icon-label\">Vorteilhafte Pakete nur auf unserer Website<\/div><\/div><div class=\"icon-item icon-item-2\"><div class=\"icon-image\"><img decoding=\"async\" src=\"https:\/\/homutuvstatek.cz\/wp-content\/uploads\/2025\/06\/icon-confirmation.svg\" alt=\"\" class=\"\" \/><\/div><div class=\"icon-label\">Best\u00e4tigung der Reservierung<\/div><\/div><div class=\"icon-item icon-item-3\"><div class=\"icon-image\"><img decoding=\"async\" src=\"https:\/\/homutuvstatek.cz\/wp-content\/uploads\/2025\/06\/icon-fksp.svg\" alt=\"\" class=\"\" \/><\/div><div class=\"icon-label\">Erstattungen \u00fcber FKSP<\/div><\/div><div class=\"icon-item icon-item-4\"><div class=\"icon-image\"><img decoding=\"async\" src=\"https:\/\/homutuvstatek.cz\/wp-content\/uploads\/2025\/06\/icon-voucher.svg\" alt=\"\" class=\"\" \/><\/div><div class=\"icon-label\">Einfacher Kauf und Einl\u00f6sung von Geschenkgutscheinen<\/div><\/div><\/div><style>\r\n    .wpa9-icon-grid .icon-item {\r\n      width: 102px;\r\n    }\r\n    .wpa9-icon-grid .icon-image {\r\n      width: 78px;\r\n      height: 78px;\r\n    }\r\n    .wpa9-icon-grid .icon-item {\r\n      margin: 0 42px;\r\n    }\r\n    <\/style>\r\n<\/div>\r\n<!-- \/wpa9-gallery-image-container -->\r\n<\/div><\/div><div id=\"panel-6796-2-0-1\" class=\"so-panel widget_sow-editor panel-last-child color-layout-dark width-normal\" data-index=\"3\" ><div\n\t\t\t\n\t\t\tclass=\"so-widget-sow-editor so-widget-sow-editor-base\"\n\t\t\t\n\t\t>\n\n<div class=\"siteorigin-widget-tinymce textwidget\">\n\t<p style=\"text-align: center;\">Amazing Places Geschenkgutscheine k\u00f6nnen nur bei telefonischer Buchung oder per E-Mail eingel\u00f6st werden.<\/p>\n<\/div>\n<\/div><\/div><\/div><\/div><\/div><\/div>","protected":false},"excerpt":{"rendered":"<p>Jedes unserer 7 originellen Zimmer hat seinen eigenen Stil und seine eigene Kapazit\u00e4t &#8211; sehen Sie sich um und w\u00e4hlen Sie das richtige aus Dvoul\u016f\u017ekov\u00fd pokoj Room detail Book Room size: 27&nbsp;m2 Max. number of persons: 2 Dvoul\u016f\u017ekov\u00fd pokoj velk\u00fd Room detail Book Room size: 41&nbsp;m2 Max. number of persons: 3 Dvoul\u016f\u017ekov\u00fd pokoj romantick\u00fd Room [&hellip;]<\/p>\n","protected":false},"author":1,"featured_media":0,"parent":6807,"menu_order":0,"comment_status":"closed","ping_status":"closed","template":"","meta":{"_acf_changed":false,"footnotes":""},"class_list":["post-6796","page","type-page","status-publish","hentry"],"acf":[],"_links":{"self":[{"href":"https:\/\/homutuvstatek.cz\/de\/wp-json\/wp\/v2\/pages\/6796","targetHints":{"allow":["GET"]}}],"collection":[{"href":"https:\/\/homutuvstatek.cz\/de\/wp-json\/wp\/v2\/pages"}],"about":[{"href":"https:\/\/homutuvstatek.cz\/de\/wp-json\/wp\/v2\/types\/page"}],"author":[{"embeddable":true,"href":"https:\/\/homutuvstatek.cz\/de\/wp-json\/wp\/v2\/users\/1"}],"replies":[{"embeddable":true,"href":"https:\/\/homutuvstatek.cz\/de\/wp-json\/wp\/v2\/comments?post=6796"}],"version-history":[{"count":1,"href":"https:\/\/homutuvstatek.cz\/de\/wp-json\/wp\/v2\/pages\/6796\/revisions"}],"predecessor-version":[{"id":6798,"href":"https:\/\/homutuvstatek.cz\/de\/wp-json\/wp\/v2\/pages\/6796\/revisions\/6798"}],"up":[{"embeddable":true,"href":"https:\/\/homutuvstatek.cz\/de\/wp-json\/wp\/v2\/pages\/6807"}],"wp:attachment":[{"href":"https:\/\/homutuvstatek.cz\/de\/wp-json\/wp\/v2\/media?parent=6796"}],"curies":[{"name":"wp","href":"https:\/\/api.w.org\/{rel}","templated":true}]}}