{"id":6719,"date":"2025-04-13T12:21:36","date_gmt":"2025-04-13T10:21:36","guid":{"rendered":"https:\/\/homutuvstatek.cz\/sie-moechten-eine-frage-stellen\/"},"modified":"2025-12-19T12:25:45","modified_gmt":"2025-12-19T11:25:45","slug":"sie-moechten-eine-frage-stellen","status":"publish","type":"page","link":"https:\/\/homutuvstatek.cz\/de\/sie-moechten-eine-frage-stellen\/","title":{"rendered":"Sie m\u00f6chten eine Frage stellen"},"content":{"rendered":"<div id=\"pl-6719\"  class=\"panel-layout\" ><div id=\"pg-6719-0\"  class=\"panel-grid panel-has-style\" ><div class=\"siteorigin-panels-stretch panel-row-style-default panel-row-width-default panel-row-padding-normal panel-row-style panel-row-style-for-6719-0\" data-stretch-type=\"full\" ><div id=\"pgc-6719-0-0\"  class=\"panel-grid-cell\" ><div id=\"panel-6719-0-0-0\" class=\"so-panel widget_sow-image panel-first-child\" data-index=\"0\" ><div\n\t\t\t\n\t\t\tclass=\"so-widget-sow-image so-widget-sow-image-default-8b5b6f678277-6719\"\n\t\t\t\n\t\t>\n\n\n<div class=\"sow-image-container\">\n\t<img loading=\"lazy\" decoding=\"async\" src=\"https:\/\/homutuvstatek.cz\/wp-content\/uploads\/2025\/04\/homutuv-statek_penzion_7065.jpg\" width=\"1920\" height=\"1280\" sizes=\"auto, (max-width: 1920px) 100vw, 1920px\" \t\tclass=\"so-widget-image _shadow rightbottom light\"\/>\n<\/div>\n\n<\/div><\/div><div id=\"panel-6719-0-0-1\" class=\"so-panel widget_sow-image panel-last-child\" data-index=\"1\" ><div class=\"panel-widget-style panel-widget-style-for-6719-0-0-1\" ><div\n\t\t\t\n\t\t\tclass=\"so-widget-sow-image so-widget-sow-image-default-c67d20f9f743-6719\"\n\t\t\t\n\t\t>\n\n\n<div class=\"sow-image-container\">\n\t<img loading=\"lazy\" decoding=\"async\" src=\"https:\/\/homutuvstatek.cz\/wp-content\/uploads\/2025\/04\/45_gvb-1.png\" width=\"104\" height=\"190\" sizes=\"auto, (max-width: 104px) 100vw, 104px\" \t\tclass=\"so-widget-image _shadow default light\"\/>\n<\/div>\n\n<\/div><\/div><\/div><\/div><div id=\"pgc-6719-0-1\"  class=\"panel-grid-cell\" ><div id=\"panel-6719-0-1-0\" class=\"so-panel widget_sow-editor panel-first-child panel-last-child color-layout-light width-normal\" data-index=\"2\" ><div\n\t\t\t\n\t\t\tclass=\"so-widget-sow-editor so-widget-sow-editor-base\"\n\t\t\t\n\t\t>\n<h2 class=\"widget-title text-default\">Haben Sie noch Fragen? Schreiben Sie uns oder rufen Sie uns an <\/h2>\n<div class=\"siteorigin-widget-tinymce textwidget\">\n\t<p>Ben\u00f6tigen Sie Ratschl\u00e4ge, wohin Sie bei einem Ausflug auf dem Bauernhof gehen sollen und was Sie nicht verpassen d\u00fcrfen? Haben Sie irgendwelche Einschr\u00e4nkungen, z.B. bei der Bewegung oder bei der Ern\u00e4hrung, und m\u00f6chten Sie unseren Rat? Schreiben Sie uns oder rufen Sie uns an. Wir werden Ihnen gerne antworten und alles f\u00fcr Ihre maximale Zufriedenheit und Ihren Komfort tun.   <\/p>\n<p>Bitte lesen Sie zuerst die H\u00e4ufig gestellten Fragen (FAQ).<\/p>\n<p><a class=\"button button-secondary\" href=\"https:\/\/homutuvstatek.cz\/de\/?page_id=6670\">H\u00e4ufig gestellte Fragen<\/a><\/p>\n<\/div>\n<\/div><\/div><\/div><\/div><\/div><\/div>","protected":false},"excerpt":{"rendered":"<p>Ben\u00f6tigen Sie Ratschl\u00e4ge, wohin Sie bei einem Ausflug auf dem Bauernhof gehen sollen und was Sie nicht verpassen d\u00fcrfen? Haben Sie irgendwelche Einschr\u00e4nkungen, z.B. bei der Bewegung oder bei der Ern\u00e4hrung, und m\u00f6chten Sie unseren Rat? Schreiben Sie uns oder rufen Sie uns an. Wir werden Ihnen gerne antworten und alles f\u00fcr Ihre maximale Zufriedenheit [&hellip;]<\/p>\n","protected":false},"author":1,"featured_media":0,"parent":0,"menu_order":0,"comment_status":"closed","ping_status":"closed","template":"","meta":{"_acf_changed":false,"footnotes":""},"class_list":["post-6719","page","type-page","status-publish","hentry"],"acf":[],"_links":{"self":[{"href":"https:\/\/homutuvstatek.cz\/de\/wp-json\/wp\/v2\/pages\/6719","targetHints":{"allow":["GET"]}}],"collection":[{"href":"https:\/\/homutuvstatek.cz\/de\/wp-json\/wp\/v2\/pages"}],"about":[{"href":"https:\/\/homutuvstatek.cz\/de\/wp-json\/wp\/v2\/types\/page"}],"author":[{"embeddable":true,"href":"https:\/\/homutuvstatek.cz\/de\/wp-json\/wp\/v2\/users\/1"}],"replies":[{"embeddable":true,"href":"https:\/\/homutuvstatek.cz\/de\/wp-json\/wp\/v2\/comments?post=6719"}],"version-history":[{"count":1,"href":"https:\/\/homutuvstatek.cz\/de\/wp-json\/wp\/v2\/pages\/6719\/revisions"}],"predecessor-version":[{"id":6723,"href":"https:\/\/homutuvstatek.cz\/de\/wp-json\/wp\/v2\/pages\/6719\/revisions\/6723"}],"wp:attachment":[{"href":"https:\/\/homutuvstatek.cz\/de\/wp-json\/wp\/v2\/media?parent=6719"}],"curies":[{"name":"wp","href":"https:\/\/api.w.org\/{rel}","templated":true}]}}