{"id":6660,"date":"2025-03-30T11:34:53","date_gmt":"2025-03-30T09:34:53","guid":{"rendered":"https:\/\/homutuvstatek.cz\/aufenthalt-pakete\/"},"modified":"2025-12-19T12:25:21","modified_gmt":"2025-12-19T11:25:21","slug":"aufenthalt-pakete","status":"publish","type":"page","link":"https:\/\/homutuvstatek.cz\/de\/aufenthalt-pakete\/","title":{"rendered":"Aufenthalt Pakete"},"content":{"rendered":"<div id=\"pl-6660\"  class=\"panel-layout\" ><div id=\"pg-6660-0\"  class=\"panel-grid panel-has-style\" ><div class=\"panel-row-style-default panel-row-width-default panel-row-padding-normal panel-row-style panel-row-style-for-6660-0\" ><div id=\"pgc-6660-0-0\"  class=\"panel-grid-cell\" ><div id=\"panel-6660-0-0-0\" class=\"so-panel widget_hmst-packages widget-posts panel-first-child panel-last-child\" data-index=\"0\" ><div\n\t\t\t\n\t\t\tclass=\"so-widget-hmst-packages so-widget-hmst-packages-base\"\n\t\t\t\n\t\t><h3 class=\"widget-title text-center\"><span>Aufenthalt Pakete<\/span><\/h3>\n\n  <div class=\"row offers-wrapper packages-layout-light\">\n\n        <!-- article -->\n    <article class=\"col col-12 col-md-6 col-lg-4 offer-item post-6888 hs__cpt_offers type-hs__cpt_offers status-publish has-post-thumbnail hentry\" id=\"post-6888\">\n      <a href=\"#book\" class=\"offer-link\" onclick=\"Booking.Open({OfferID:496196}); return false;\" title=\"SOMMERFREIZEIT 2025 &#8211; 15% RABATT f\u00fcr mindestens 4 N\u00e4chte mit Fr\u00fchst\u00fcck!\">\n\n        \n        \n\t\t\t\t<figure class=\"post-thumbnail offer-thumbnail custom-ratio r3x2\">\n\t\t\t\t\t<img decoding=\"async\" src=\"https:\/\/homutuvstatek.cz\/wp-content\/uploads\/2024\/01\/prazdniny-420x280.jpg\" alt=\"Group of school children with teacher on field trip in nature, learning science.\" \/>\n\t\t\t\t<\/figure>\n\n\t\t\t\t\n        <div class=\"post-content offer-content d-flex flex-column justify-content-between\">\n\n          <h2 class=\"offer-title\">SOMMERFREIZEIT 2025 &#8211; 15% RABATT f\u00fcr mindestens 4 N\u00e4chte mit Fr\u00fchst\u00fcck!<\/h2>\n          <div class=\"offer-price\"><span class=\"offer-price-per\">Price from:<\/span> 870 CZK <span class=\"offer-price-per\">osobu\/noc se sn\u00eddan\u00ed<\/span><\/div>\n\n        <\/div>\n\n      <\/a>\n    <\/article>\n    <!-- \/article -->\n        <!-- article -->\n    <article class=\"col col-12 col-md-6 col-lg-4 offer-item post-6879 hs__cpt_offers type-hs__cpt_offers status-publish has-post-thumbnail hentry\" id=\"post-6879\">\n      <a href=\"#book\" class=\"offer-link\" onclick=\"Booking.Open({OfferID:496236}); return false;\" title=\"SOMMERFREIZEIT 2025 &#8211; erm\u00e4\u00dfigter Aufenthalt f\u00fcr 3 N\u00e4chte!!!\">\n\n        \n        \n\t\t\t\t<figure class=\"post-thumbnail offer-thumbnail custom-ratio r3x2\">\n\t\t\t\t\t<img decoding=\"async\" src=\"https:\/\/homutuvstatek.cz\/wp-content\/uploads\/2022\/05\/homutuv-statek_kokorinsko_7757-1-420x280.jpg\" alt=\"Homutuv-statek-Kokorinsko-7757\" \/>\n\t\t\t\t<\/figure>\n\n\t\t\t\t\n        <div class=\"post-content offer-content d-flex flex-column justify-content-between\">\n\n          <h2 class=\"offer-title\">SOMMERFREIZEIT 2025 &#8211; erm\u00e4\u00dfigter Aufenthalt f\u00fcr 3 N\u00e4chte!!!<\/h2>\n          <div class=\"offer-price\"><span class=\"offer-price-per\">Price from:<\/span> 950 CZK <span class=\"offer-price-per\">osobu\/noc se sn\u00eddan\u00ed<\/span><\/div>\n\n        <\/div>\n\n      <\/a>\n    <\/article>\n    <!-- \/article -->\n        <!-- article -->\n    <article class=\"col col-12 col-md-6 col-lg-4 offer-item post-6891 hs__cpt_offers type-hs__cpt_offers status-publish has-post-thumbnail hentry\" id=\"post-6891\">\n      <a href=\"#book\" class=\"offer-link\" onclick=\"Booking.Open({OfferID:591175}); return false;\" title=\"SILVESTR 2025 mit einem reichhaltigen Buffet und Toast inklusive!\">\n\n        \n        \n\t\t\t\t<figure class=\"post-thumbnail offer-thumbnail custom-ratio r3x2\">\n\t\t\t\t\t<img decoding=\"async\" src=\"https:\/\/homutuvstatek.cz\/wp-content\/uploads\/2025\/06\/istock-2174302363-420x280.jpg\" alt=\"Golden 2026 Happy New Year Design with blue background.\" \/>\n\t\t\t\t<\/figure>\n\n\t\t\t\t\n        <div class=\"post-content offer-content d-flex flex-column justify-content-between\">\n\n          <h2 class=\"offer-title\">SILVESTR 2025 mit einem reichhaltigen Buffet und Toast inklusive!<\/h2>\n          <div class=\"offer-price\"><span class=\"offer-price-per\">Price from:<\/span> 990 CZK <span class=\"offer-price-per\">osobu\/noc se sn\u00eddan\u00ed a&nbsp;menu<\/span><\/div>\n\n        <\/div>\n\n      <\/a>\n    <\/article>\n    <!-- \/article -->\n        <!-- article -->\n    <article class=\"col col-12 col-md-6 col-lg-4 offer-item post-6884 hs__cpt_offers type-hs__cpt_offers status-publish has-post-thumbnail hentry\" id=\"post-6884\">\n      <a href=\"#book\" class=\"offer-link\" onclick=\"Booking.Open({OfferID:531394}); return false;\" title=\"3+1 FREE NIGHT &#8211; Sonderangebot f\u00fcr ausgew\u00e4hlte Termine!\">\n\n        \n        \n\t\t\t\t<figure class=\"post-thumbnail offer-thumbnail custom-ratio r3x2\">\n\t\t\t\t\t<img decoding=\"async\" src=\"https:\/\/homutuvstatek.cz\/wp-content\/uploads\/2020\/12\/img_9959-scaled-1-420x280.jpg\" alt=\"IMG-9959\" \/>\n\t\t\t\t<\/figure>\n\n\t\t\t\t\n        <div class=\"post-content offer-content d-flex flex-column justify-content-between\">\n\n          <h2 class=\"offer-title\">3+1 FREE NIGHT &#8211; Sonderangebot f\u00fcr ausgew\u00e4hlte Termine!<\/h2>\n          <div class=\"offer-price\"><span class=\"offer-price-per\">Price from:<\/span> 720 CZK <span class=\"offer-price-per\">osobu\/noc se sn\u00eddan\u00ed<\/span><\/div>\n\n        <\/div>\n\n      <\/a>\n    <\/article>\n    <!-- \/article -->\n        <!-- article -->\n    <article class=\"col col-12 col-md-6 col-lg-4 offer-item post-6877 hs__cpt_offers type-hs__cpt_offers status-publish has-post-thumbnail hentry\" id=\"post-6877\">\n      <a href=\"#book\" class=\"offer-link\" onclick=\"Booking.Open({OfferID:531450}); return false;\" title=\"4+1 KOSTENLOSE NACHT &#8211; ein tolles Angebot f\u00fcr den Urlaub au\u00dferhalb der Ferien!\">\n\n        \n        \n\t\t\t\t<figure class=\"post-thumbnail offer-thumbnail custom-ratio r3x2\">\n\t\t\t\t\t<img decoding=\"async\" src=\"https:\/\/homutuvstatek.cz\/wp-content\/uploads\/2020\/09\/dsc07222-scaled-1-420x280.jpg\" alt=\"DSC07222\" \/>\n\t\t\t\t<\/figure>\n\n\t\t\t\t\n        <div class=\"post-content offer-content d-flex flex-column justify-content-between\">\n\n          <h2 class=\"offer-title\">4+1 KOSTENLOSE NACHT &#8211; ein tolles Angebot f\u00fcr den Urlaub au\u00dferhalb der Ferien!<\/h2>\n          <div class=\"offer-price\"><span class=\"offer-price-per\">Price from:<\/span> 720 CZK <span class=\"offer-price-per\">osobu\/noc se sn\u00eddan\u00ed<\/span><\/div>\n\n        <\/div>\n\n      <\/a>\n    <\/article>\n    <!-- \/article -->\n        <!-- article -->\n    <article class=\"col col-12 col-md-6 col-lg-4 offer-item post-6868 hs__cpt_offers type-hs__cpt_offers status-publish has-post-thumbnail hentry\" id=\"post-6868\">\n      <a href=\"#book\" class=\"offer-link\" onclick=\"Booking.Open({OfferID:424548}); return false;\" title=\"SALE von Aufenthalten f\u00fcr 1 Nacht zu einem SUPER-Preis!\">\n\n        \n        \n\t\t\t\t<figure class=\"post-thumbnail offer-thumbnail custom-ratio r3x2\">\n\t\t\t\t\t<img decoding=\"async\" src=\"https:\/\/homutuvstatek.cz\/wp-content\/uploads\/2023\/02\/vyprodej-1-420x280.png\" alt=\"V\u00fdprodej\" \/>\n\t\t\t\t<\/figure>\n\n\t\t\t\t\n        <div class=\"post-content offer-content d-flex flex-column justify-content-between\">\n\n          <h2 class=\"offer-title\">SALE von Aufenthalten f\u00fcr 1 Nacht zu einem SUPER-Preis!<\/h2>\n          <div class=\"offer-price\"><span class=\"offer-price-per\">Price from:<\/span> 935 CZK <span class=\"offer-price-per\">osobu\/noc se sn\u00eddan\u00ed<\/span><\/div>\n\n        <\/div>\n\n      <\/a>\n    <\/article>\n    <!-- \/article -->\n        <!-- article -->\n    <article class=\"col col-12 col-md-6 col-lg-4 offer-item post-6897 hs__cpt_offers type-hs__cpt_offers status-publish has-post-thumbnail hentry\" id=\"post-6897\">\n      <a href=\"#book\" class=\"offer-link\" onclick=\"Booking.Open({OfferID:473394}); return false;\" title=\"Wertgutschein\">\n\n        \n        \n\t\t\t\t<figure class=\"post-thumbnail offer-thumbnail custom-ratio r3x2\">\n\t\t\t\t\t<img decoding=\"async\" src=\"https:\/\/homutuvstatek.cz\/wp-content\/uploads\/2024\/10\/istock-1195731374-420x280.jpg\" alt=\"iStock-1195731374\" \/>\n\t\t\t\t<\/figure>\n\n\t\t\t\t\n        <div class=\"post-content offer-content d-flex flex-column justify-content-between\">\n\n          <h2 class=\"offer-title\">Wertgutschein<\/h2>\n          <div class=\"offer-price\"><span class=\"offer-price-per\">Price from:<\/span> 2&nbsp;500 CZK <span class=\"offer-price-per\">voucher<\/span><\/div>\n\n        <\/div>\n\n      <\/a>\n    <\/article>\n    <!-- \/article -->\n        <!-- article -->\n    <article class=\"col col-12 col-md-6 col-lg-4 offer-item post-6862 hs__cpt_offers type-hs__cpt_offers status-publish has-post-thumbnail hentry\" id=\"post-6862\">\n      <a href=\"#book\" class=\"offer-link\" onclick=\"Booking.Open({OfferID:537254}); return false;\" title=\"DER BESTE PREIS DES TAGES!\">\n\n        \n        \n\t\t\t\t<figure class=\"post-thumbnail offer-thumbnail custom-ratio r3x2\">\n\t\t\t\t\t<img decoding=\"async\" src=\"https:\/\/homutuvstatek.cz\/wp-content\/uploads\/2024\/01\/homutuv-statek_penzion_8201-420x280.jpg\" alt=\"homutuv-statek_penzion_8201\" \/>\n\t\t\t\t<\/figure>\n\n\t\t\t\t\n        <div class=\"post-content offer-content d-flex flex-column justify-content-between\">\n\n          <h2 class=\"offer-title\">DER BESTE PREIS DES TAGES!<\/h2>\n          <div class=\"offer-price\"><span class=\"offer-price-per\">Price from:<\/span> 945 CZK <span class=\"offer-price-per\">osobu\/noc se sn\u00eddan\u00ed<\/span><\/div>\n\n        <\/div>\n\n      <\/a>\n    <\/article>\n    <!-- \/article -->\n        <!-- article -->\n    <article class=\"col col-12 col-md-6 col-lg-4 offer-item post-6873 hs__cpt_offers type-hs__cpt_offers status-publish has-post-thumbnail hentry\" id=\"post-6873\">\n      <a href=\"#book\" class=\"offer-link\" onclick=\"Booking.Open({OfferID:216514}); return false;\" title=\"1 \u00dcbernachtung mit Fr\u00fchst\u00fcck\">\n\n        \n        \n\t\t\t\t<figure class=\"post-thumbnail offer-thumbnail custom-ratio r3x2\">\n\t\t\t\t\t<img decoding=\"async\" src=\"https:\/\/homutuvstatek.cz\/wp-content\/uploads\/2023\/05\/istock-1182143018mensi-1-420x280.jpg\" alt=\"Young woman enjoying her mountain vacation\" \/>\n\t\t\t\t<\/figure>\n\n\t\t\t\t\n        <div class=\"post-content offer-content d-flex flex-column justify-content-between\">\n\n          <h2 class=\"offer-title\">1 \u00dcbernachtung mit Fr\u00fchst\u00fcck<\/h2>\n          <div class=\"offer-price\"><span class=\"offer-price-per\">Price from:<\/span> 1&nbsp;260 CZK <span class=\"offer-price-per\">osobu\/noc se sn\u00eddan\u00ed<\/span><\/div>\n\n        <\/div>\n\n      <\/a>\n    <\/article>\n    <!-- \/article -->\n        <!-- article -->\n    <article class=\"col col-12 col-md-6 col-lg-4 offer-item post-6865 hs__cpt_offers type-hs__cpt_offers status-publish has-post-thumbnail hentry\" id=\"post-6865\">\n      <a href=\"#book\" class=\"offer-link\" onclick=\"Booking.Open({OfferID:215810}); return false;\" title=\"UNTERKUNFT MIT FR\u00dcHST\u00dcCK\">\n\n        \n        \n\t\t\t\t<figure class=\"post-thumbnail offer-thumbnail custom-ratio r3x2\">\n\t\t\t\t\t<img decoding=\"async\" src=\"https:\/\/homutuvstatek.cz\/wp-content\/uploads\/2022\/09\/dsc09825-scaled-1-420x280.jpg\" alt=\"DSC09825\" \/>\n\t\t\t\t<\/figure>\n\n\t\t\t\t\n        <div class=\"post-content offer-content d-flex flex-column justify-content-between\">\n\n          <h2 class=\"offer-title\">UNTERKUNFT MIT FR\u00dcHST\u00dcCK<\/h2>\n          <div class=\"offer-price\"><span class=\"offer-price-per\">Price from:<\/span> 1&nbsp;050 CZK <span class=\"offer-price-per\">osobu\/noc se sn\u00eddan\u00ed<\/span><\/div>\n\n        <\/div>\n\n      <\/a>\n    <\/article>\n    <!-- \/article -->\n    \n  <\/div>\n\n<\/div><\/div><\/div><\/div><\/div><div id=\"pg-6660-1\"  class=\"panel-grid panel-has-style\" ><div class=\"siteorigin-panels-stretch panel-row-style-default panel-row-width-default panel-row-padding-normal panel-row-style panel-row-style-for-6660-1\" data-stretch-type=\"full\" ><div id=\"pgc-6660-1-0\"  class=\"panel-grid-cell\" ><div id=\"panel-6660-1-0-0\" class=\"so-panel widget_wpa9-posts widget-posts panel-first-child panel-last-child\" data-index=\"1\" ><div\n\t\t\t\n\t\t\tclass=\"so-widget-wpa9-posts so-widget-wpa9-posts-base\"\n\t\t\t\n\t\t><h3 class=\"widget-title text-center\">Was bei uns los ist - Neuigkeiten von Homuts Farm<\/h3><div class=\"widget-subheadline text-center\">M\u00f6chten Sie wissen, was in der Gegend los ist, welche Veranstaltungen und Pakete wir f\u00fcr Sie vorbereiten, oder einfach nur einen Blick hinter die Kulissen des Alltags auf dem Bauernhof werfen? Dann sind Sie hier genau richtig. <\/div>\r\n\r\n  \r\n  <!-- .posts -->\r\n  <div class=\"loop-posts template-grid-3 row g-0\">\r\n\r\n\t  \r\n    <!-- article -->\r\n    \r\n<article class=\"col-lg-4 col-sm-6 col-12 post-6849 post type-post status-publish format-standard has-post-thumbnail hentry category-nicht-kategorisiert\" id=\"post-6849\">\r\n  <a href=\"https:\/\/homutuvstatek.cz\/de\/wir-stellen-das-neue-forest-tiny-haus-vor\/\" class=\"post-ajax post-link\" data-postid=\"6849\" title=\"Wir stellen das neue Forest Tiny Haus vor\">\r\n      <div class=\"featured-image\">\r\n    <figure class=\"thumbnail r3x2\">\r\n\r\n        <img decoding=\"async\" src=\"https:\/\/homutuvstatek.cz\/wp-content\/uploads\/2025\/06\/pohled-do-kuchyno_tine_house-420x280.jpg\" alt=\"Blick auf die K\u00fcchen\u00d8_tine_house\" \/>\r\n\r\n    <\/figure>\r\n  <\/div>\r\n  \r\n  <h2 class=\"post-title\">Wir stellen das neue Forest Tiny Haus vor<\/h2>\r\n\r\n  <div class=\"entry-excerpt\">\r\n    <p>\r\n    Es ist komplett ausgestattet und bereit f\u00fcr einen ganzj\u00e4hrigen Aufenthalt - mit einem Doppelbett, einer K\u00fcchenzeile, einer Sitzecke, einem Badezimmer mit Toilette und einem Fernseher. Auf der Terrasse k\u00f6nnen Sie grillen, Wein schl\u00fcrfen und die Baumkronen beobachten.     <\/p>\r\n  <\/div>\r\n\r\n  <div class=\"entry-meta meta meta-read-more hidden\">\r\n      <\/div>\r\n  <\/a>\r\n<\/article>\r\n<!-- \/article -->\r\n\r\n    \r\n    <!-- article -->\r\n    \r\n<article class=\"col-lg-4 col-sm-6 col-12 post-6845 post type-post status-publish format-standard has-post-thumbnail hentry category-nicht-kategorisiert\" id=\"post-6845\">\r\n  <a href=\"https:\/\/homutuvstatek.cz\/de\/ereignisse-um-september-und-oktober-2025\/\" class=\"post-ajax post-link\" data-postid=\"6845\" title=\"Ereignisse um September und Oktober 2025\">\r\n      <div class=\"featured-image\">\r\n    <figure class=\"thumbnail r3x2\">\r\n\r\n        <img decoding=\"async\" src=\"https:\/\/homutuvstatek.cz\/wp-content\/uploads\/2024\/01\/homutuv-statek_penzion_8201-420x280.jpg\" alt=\"homutuv-statek_penzion_8201\" \/>\r\n\r\n    <\/figure>\r\n  <\/div>\r\n  \r\n  <h2 class=\"post-title\">Ereignisse um September und Oktober 2025<\/h2>\r\n\r\n  <div class=\"entry-excerpt\">\r\n    <p>\r\n    Dorota Barov\u00e1, St. Ludmilla Konzert, M\u011bln\u00edk Vintage Festival 2025,...    <\/p>\r\n  <\/div>\r\n\r\n  <div class=\"entry-meta meta meta-read-more hidden\">\r\n      <\/div>\r\n  <\/a>\r\n<\/article>\r\n<!-- \/article -->\r\n\r\n    \r\n    <!-- article -->\r\n    \r\n<article class=\"col-lg-4 col-sm-6 col-12 post-6855 post type-post status-publish format-standard has-post-thumbnail hentry category-nicht-kategorisiert\" id=\"post-6855\">\r\n  <a href=\"https:\/\/homutuvstatek.cz\/de\/neu-auf-homuts-bauernhof-private-sauna\/\" class=\"post-ajax post-link\" data-postid=\"6855\" title=\"Neu auf Homuts Bauernhof: private Sauna\">\r\n      <div class=\"featured-image\">\r\n    <figure class=\"thumbnail r3x2\">\r\n\r\n        <img decoding=\"async\" src=\"https:\/\/homutuvstatek.cz\/wp-content\/uploads\/2025\/06\/sauna_1000005071-420x280.jpg\" alt=\"sauna_1000005071\" \/>\r\n\r\n    <\/figure>\r\n  <\/div>\r\n  \r\n  <h2 class=\"post-title\">Neu auf Homuts Bauernhof: private Sauna<\/h2>\r\n\r\n  <div class=\"entry-excerpt\">\r\n    <p>\r\n    Unsere Tr\u00e4ume haben oft einen l\u00e4ngeren Weg zur Verwirklichung. Genau wie das Forest Tiny House musste auch die Sauna auf Homuts Bauernhof viele Hindernisse \u00fcberwinden, bevor sie ihre endg\u00fcltige Form erhielt. Am Ende hat mein Mann - der Autor des architektonischen Entwurfs f\u00fcr den Wiederaufbau von Homuts Bauernhaus - die Gestaltung und Umsetzung \u00fcbernommen und gibt ihr jetzt den letzten Schliff, von der ersten Skizze bis zu den letzten Details.      <\/p>\r\n  <\/div>\r\n\r\n  <div class=\"entry-meta meta meta-read-more hidden\">\r\n      <\/div>\r\n  <\/a>\r\n<\/article>\r\n<!-- \/article -->\r\n\r\n    \r\n    \r\n  <\/div>\r\n  <!-- \/posts -->\r\n\r\n\r\n  <aside>\r\n  \r\n    <div class=\"d-flex flex-row justify-content-center\">\r\n      <a class=\"btn btn-dark-transparent\" href=\"\">Alle Nachrichten<\/a>\r\n    <\/div>\r\n  <\/aside>\r\n<\/div><\/div><\/div><\/div><\/div><\/div>","protected":false},"excerpt":{"rendered":"","protected":false},"author":1,"featured_media":0,"parent":0,"menu_order":0,"comment_status":"closed","ping_status":"closed","template":"","meta":{"_acf_changed":false,"footnotes":""},"class_list":["post-6660","page","type-page","status-publish","hentry"],"acf":[],"_links":{"self":[{"href":"https:\/\/homutuvstatek.cz\/de\/wp-json\/wp\/v2\/pages\/6660","targetHints":{"allow":["GET"]}}],"collection":[{"href":"https:\/\/homutuvstatek.cz\/de\/wp-json\/wp\/v2\/pages"}],"about":[{"href":"https:\/\/homutuvstatek.cz\/de\/wp-json\/wp\/v2\/types\/page"}],"author":[{"embeddable":true,"href":"https:\/\/homutuvstatek.cz\/de\/wp-json\/wp\/v2\/users\/1"}],"replies":[{"embeddable":true,"href":"https:\/\/homutuvstatek.cz\/de\/wp-json\/wp\/v2\/comments?post=6660"}],"version-history":[{"count":1,"href":"https:\/\/homutuvstatek.cz\/de\/wp-json\/wp\/v2\/pages\/6660\/revisions"}],"predecessor-version":[{"id":6665,"href":"https:\/\/homutuvstatek.cz\/de\/wp-json\/wp\/v2\/pages\/6660\/revisions\/6665"}],"wp:attachment":[{"href":"https:\/\/homutuvstatek.cz\/de\/wp-json\/wp\/v2\/media?parent=6660"}],"curies":[{"name":"wp","href":"https:\/\/api.w.org\/{rel}","templated":true}]}}