{"id":6448,"date":"2025-06-24T08:58:02","date_gmt":"2025-06-24T06:58:02","guid":{"rendered":"https:\/\/homutuvstatek.cz\/was-hier-passiert\/"},"modified":"2025-12-19T12:24:37","modified_gmt":"2025-12-19T11:24:37","slug":"was-hier-passiert","status":"publish","type":"page","link":"https:\/\/homutuvstatek.cz\/de\/was-hier-passiert\/","title":{"rendered":"Was hier passiert"},"content":{"rendered":"<div id=\"pl-6448\"  class=\"panel-layout\" ><div id=\"pg-6448-0\"  class=\"panel-grid panel-has-style\" ><div class=\"siteorigin-panels-stretch panel-row-style-default panel-row-width-default panel-row-padding-normal panel-row-style panel-row-style-for-6448-0\" data-stretch-type=\"full\" ><div id=\"pgc-6448-0-0\"  class=\"panel-grid-cell\" ><div id=\"panel-6448-0-0-0\" class=\"so-panel widget_wpa9-posts widget-posts panel-first-child panel-last-child\" data-index=\"0\" ><div\n\t\t\t\n\t\t\tclass=\"so-widget-wpa9-posts so-widget-wpa9-posts-base\"\n\t\t\t\n\t\t><h3 class=\"widget-title text-center\">Was bei uns los ist - Neuigkeiten von Homuts Farm<\/h3><div class=\"widget-subheadline text-center\">M\u00f6chten Sie wissen, was in der Gegend los ist, welche Veranstaltungen und Pakete wir f\u00fcr Sie vorbereiten, oder einfach nur einen Blick hinter die Kulissen des Alltags auf dem Bauernhof werfen? Dann sind Sie hier genau richtig. <\/div>\r\n\r\n  \r\n  <!-- .posts -->\r\n  <div class=\"loop-posts template-grid-3 row g-0\">\r\n\r\n\t  \r\n    <!-- article -->\r\n    \r\n<article class=\"col-lg-4 col-sm-6 col-12 post-6849 post type-post status-publish format-standard has-post-thumbnail hentry category-nicht-kategorisiert\" id=\"post-6849\">\r\n  <a href=\"https:\/\/homutuvstatek.cz\/de\/wir-stellen-das-neue-forest-tiny-haus-vor\/\" class=\"post-ajax post-link\" data-postid=\"6849\" title=\"Wir stellen das neue Forest Tiny Haus vor\">\r\n      <div class=\"featured-image\">\r\n    <figure class=\"thumbnail r3x2\">\r\n\r\n        <img decoding=\"async\" src=\"https:\/\/homutuvstatek.cz\/wp-content\/uploads\/2025\/06\/pohled-do-kuchyno_tine_house-420x280.jpg\" alt=\"Blick auf die K\u00fcchen\u00d8_tine_house\" \/>\r\n\r\n    <\/figure>\r\n  <\/div>\r\n  \r\n  <h2 class=\"post-title\">Wir stellen das neue Forest Tiny Haus vor<\/h2>\r\n\r\n  <div class=\"entry-excerpt\">\r\n    <p>\r\n    Es ist komplett ausgestattet und bereit f\u00fcr einen ganzj\u00e4hrigen Aufenthalt - mit einem Doppelbett, einer K\u00fcchenzeile, einer Sitzecke, einem Badezimmer mit Toilette und einem Fernseher. Auf der Terrasse k\u00f6nnen Sie grillen, Wein schl\u00fcrfen und die Baumkronen beobachten.     <\/p>\r\n  <\/div>\r\n\r\n  <div class=\"entry-meta meta meta-read-more hidden\">\r\n      <\/div>\r\n  <\/a>\r\n<\/article>\r\n<!-- \/article -->\r\n\r\n    \r\n    <!-- article -->\r\n    \r\n<article class=\"col-lg-4 col-sm-6 col-12 post-6855 post type-post status-publish format-standard has-post-thumbnail hentry category-nicht-kategorisiert\" id=\"post-6855\">\r\n  <a href=\"https:\/\/homutuvstatek.cz\/de\/neu-auf-homuts-bauernhof-private-sauna\/\" class=\"post-ajax post-link\" data-postid=\"6855\" title=\"Neu auf Homuts Bauernhof: private Sauna\">\r\n      <div class=\"featured-image\">\r\n    <figure class=\"thumbnail r3x2\">\r\n\r\n        <img decoding=\"async\" src=\"https:\/\/homutuvstatek.cz\/wp-content\/uploads\/2025\/06\/sauna_1000005071-420x280.jpg\" alt=\"sauna_1000005071\" \/>\r\n\r\n    <\/figure>\r\n  <\/div>\r\n  \r\n  <h2 class=\"post-title\">Neu auf Homuts Bauernhof: private Sauna<\/h2>\r\n\r\n  <div class=\"entry-excerpt\">\r\n    <p>\r\n    Unsere Tr\u00e4ume haben oft einen l\u00e4ngeren Weg zur Verwirklichung. Genau wie das Forest Tiny House musste auch die Sauna auf Homuts Bauernhof viele Hindernisse \u00fcberwinden, bevor sie ihre endg\u00fcltige Form erhielt. Am Ende hat mein Mann - der Autor des architektonischen Entwurfs f\u00fcr den Wiederaufbau von Homuts Bauernhaus - die Gestaltung und Umsetzung \u00fcbernommen und gibt ihr jetzt den letzten Schliff, von der ersten Skizze bis zu den letzten Details.      <\/p>\r\n  <\/div>\r\n\r\n  <div class=\"entry-meta meta meta-read-more hidden\">\r\n      <\/div>\r\n  <\/a>\r\n<\/article>\r\n<!-- \/article -->\r\n\r\n    \r\n    <!-- article -->\r\n    \r\n<article class=\"col-lg-4 col-sm-6 col-12 post-6845 post type-post status-publish format-standard has-post-thumbnail hentry category-nicht-kategorisiert\" id=\"post-6845\">\r\n  <a href=\"https:\/\/homutuvstatek.cz\/de\/ereignisse-um-september-und-oktober-2025\/\" class=\"post-ajax post-link\" data-postid=\"6845\" title=\"Ereignisse um September und Oktober 2025\">\r\n      <div class=\"featured-image\">\r\n    <figure class=\"thumbnail r3x2\">\r\n\r\n        <img decoding=\"async\" src=\"https:\/\/homutuvstatek.cz\/wp-content\/uploads\/2024\/01\/homutuv-statek_penzion_8201-420x280.jpg\" alt=\"homutuv-statek_penzion_8201\" \/>\r\n\r\n    <\/figure>\r\n  <\/div>\r\n  \r\n  <h2 class=\"post-title\">Ereignisse um September und Oktober 2025<\/h2>\r\n\r\n  <div class=\"entry-excerpt\">\r\n    <p>\r\n    Dorota Barov\u00e1, St. Ludmilla Konzert, M\u011bln\u00edk Vintage Festival 2025,...    <\/p>\r\n  <\/div>\r\n\r\n  <div class=\"entry-meta meta meta-read-more hidden\">\r\n      <\/div>\r\n  <\/a>\r\n<\/article>\r\n<!-- \/article -->\r\n\r\n    \r\n    \r\n  <\/div>\r\n  <!-- \/posts -->\r\n\r\n\r\n  <aside>\r\n  \r\n  <\/aside>\r\n<\/div><\/div><\/div><\/div><\/div><\/div>","protected":false},"excerpt":{"rendered":"","protected":false},"author":1,"featured_media":0,"parent":0,"menu_order":0,"comment_status":"closed","ping_status":"closed","template":"","meta":{"_acf_changed":false,"footnotes":""},"class_list":["post-6448","page","type-page","status-publish","hentry"],"acf":[],"_links":{"self":[{"href":"https:\/\/homutuvstatek.cz\/de\/wp-json\/wp\/v2\/pages\/6448","targetHints":{"allow":["GET"]}}],"collection":[{"href":"https:\/\/homutuvstatek.cz\/de\/wp-json\/wp\/v2\/pages"}],"about":[{"href":"https:\/\/homutuvstatek.cz\/de\/wp-json\/wp\/v2\/types\/page"}],"author":[{"embeddable":true,"href":"https:\/\/homutuvstatek.cz\/de\/wp-json\/wp\/v2\/users\/1"}],"replies":[{"embeddable":true,"href":"https:\/\/homutuvstatek.cz\/de\/wp-json\/wp\/v2\/comments?post=6448"}],"version-history":[{"count":1,"href":"https:\/\/homutuvstatek.cz\/de\/wp-json\/wp\/v2\/pages\/6448\/revisions"}],"predecessor-version":[{"id":6449,"href":"https:\/\/homutuvstatek.cz\/de\/wp-json\/wp\/v2\/pages\/6448\/revisions\/6449"}],"wp:attachment":[{"href":"https:\/\/homutuvstatek.cz\/de\/wp-json\/wp\/v2\/media?parent=6448"}],"curies":[{"name":"wp","href":"https:\/\/api.w.org\/{rel}","templated":true}]}}